{"id":88,"date":"2023-03-08T10:53:08","date_gmt":"2023-03-08T10:53:08","guid":{"rendered":"https:\/\/blackauroranook.com\/?page_id=88"},"modified":"2026-03-16T12:23:28","modified_gmt":"2026-03-16T12:23:28","slug":"indoor","status":"publish","type":"page","link":"https:\/\/blackauroranook.com\/de\/indoor\/","title":{"rendered":"Innenbereich"},"content":{"rendered":"\n<p>Black Aurora Nook bietet Platz zum Verweilen und Wohlf\u00fchlen in der nat\u00fcrlichen Umgebung der Lofoten. Auf 65 m\u00b2 finden Sie ein offenes Wohnzimmer mit K\u00fcche und Esstisch mit Blick auf den Austnesfjord und zwei Schlafzimmer mit luxuri\u00f6sem Bad mit Blick auf den h\u00f6chsten Berg der Lofoten. Vom Hauptschlafzimmer aus f\u00fchrt eine Holztreppe zur Galerie mit einer gro\u00dfen Fensterbank, von der aus Sie Nordlichter und Seeadler beobachten oder einfach nur ein Buch mit fantastischer Aussicht lesen k\u00f6nnen. Die zweite Galerie ist \u00fcber eine Holzleiter zu erreichen, wo sich ein weiteres Kinderbett befindet.<\/p>\n\n\n\n<p>Alle M\u00f6bel sind von einem lokalen Schreiner aus unbehandeltem Holz handgefertigt. Ein besonderes Highlight ist die 3 Meter hohe, handgefertigte Holzschiebet\u00fcr, zwischen Esszimmer und Elternschlafzimmer.<\/p>\n\n\n\n<p>In unserer Holzh\u00fctte f\u00e4llt es leicht, sich wohl zu f\u00fchlen: ein Holzofen und eine Fu\u00dfbodenheizung in den Schlafr\u00e4umen w\u00e4rmen Sie auch an kalten und regnerischen Tagen.<\/p>\n\n\n\n<div class=\"wp-block-group is-vertical is-layout-flex wp-container-core-group-is-layout-fe9cc265 wp-block-group-is-layout-flex\">\n<figure class=\"wp-block-image size-large\"><img loading=\"lazy\" decoding=\"async\" width=\"1024\" height=\"683\" src=\"https:\/\/blackauroranook.com\/wp-content\/uploads\/2023\/03\/IMG_2488-1024x683.jpg\" alt=\"\" class=\"wp-image-150\" srcset=\"https:\/\/blackauroranook.com\/wp-content\/uploads\/2023\/03\/IMG_2488-1024x683.jpg 1024w, https:\/\/blackauroranook.com\/wp-content\/uploads\/2023\/03\/IMG_2488-300x200.jpg 300w, https:\/\/blackauroranook.com\/wp-content\/uploads\/2023\/03\/IMG_2488-768x512.jpg 768w, https:\/\/blackauroranook.com\/wp-content\/uploads\/2023\/03\/IMG_2488-1536x1024.jpg 1536w, https:\/\/blackauroranook.com\/wp-content\/uploads\/2023\/03\/IMG_2488-2048x1366.jpg 2048w\" sizes=\"auto, (max-width: 1024px) 100vw, 1024px\" \/><\/figure>\n\n\n\n<figure class=\"wp-block-image size-large\"><img loading=\"lazy\" decoding=\"async\" width=\"1024\" height=\"683\" src=\"https:\/\/blackauroranook.com\/wp-content\/uploads\/2023\/02\/C4288839-344D-468B-806B-B7015A8C257A-1024x683.jpeg\" alt=\"\" class=\"wp-image-30\" srcset=\"https:\/\/blackauroranook.com\/wp-content\/uploads\/2023\/02\/C4288839-344D-468B-806B-B7015A8C257A-1024x683.jpeg 1024w, https:\/\/blackauroranook.com\/wp-content\/uploads\/2023\/02\/C4288839-344D-468B-806B-B7015A8C257A-300x200.jpeg 300w, https:\/\/blackauroranook.com\/wp-content\/uploads\/2023\/02\/C4288839-344D-468B-806B-B7015A8C257A-768x512.jpeg 768w, https:\/\/blackauroranook.com\/wp-content\/uploads\/2023\/02\/C4288839-344D-468B-806B-B7015A8C257A-1536x1024.jpeg 1536w, https:\/\/blackauroranook.com\/wp-content\/uploads\/2023\/02\/C4288839-344D-468B-806B-B7015A8C257A-2048x1365.jpeg 2048w\" sizes=\"auto, (max-width: 1024px) 100vw, 1024px\" \/><\/figure>\n\n\n\n<figure class=\"wp-block-image size-large\"><img loading=\"lazy\" decoding=\"async\" width=\"1024\" height=\"683\" src=\"https:\/\/blackauroranook.com\/wp-content\/uploads\/2023\/03\/IMG_2491-1024x683.jpg\" alt=\"\" class=\"wp-image-151\" srcset=\"https:\/\/blackauroranook.com\/wp-content\/uploads\/2023\/03\/IMG_2491-1024x683.jpg 1024w, https:\/\/blackauroranook.com\/wp-content\/uploads\/2023\/03\/IMG_2491-300x200.jpg 300w, https:\/\/blackauroranook.com\/wp-content\/uploads\/2023\/03\/IMG_2491-768x512.jpg 768w, https:\/\/blackauroranook.com\/wp-content\/uploads\/2023\/03\/IMG_2491-1536x1024.jpg 1536w, https:\/\/blackauroranook.com\/wp-content\/uploads\/2023\/03\/IMG_2491-2048x1366.jpg 2048w\" sizes=\"auto, (max-width: 1024px) 100vw, 1024px\" \/><\/figure>\n\n\n\n<figure class=\"wp-block-image size-large\"><img loading=\"lazy\" decoding=\"async\" width=\"1024\" height=\"683\" src=\"https:\/\/blackauroranook.com\/wp-content\/uploads\/2023\/03\/IMG_2496-1024x683.jpg\" alt=\"\" class=\"wp-image-154\" srcset=\"https:\/\/blackauroranook.com\/wp-content\/uploads\/2023\/03\/IMG_2496-1024x683.jpg 1024w, https:\/\/blackauroranook.com\/wp-content\/uploads\/2023\/03\/IMG_2496-300x200.jpg 300w, https:\/\/blackauroranook.com\/wp-content\/uploads\/2023\/03\/IMG_2496-768x512.jpg 768w, https:\/\/blackauroranook.com\/wp-content\/uploads\/2023\/03\/IMG_2496-1536x1024.jpg 1536w, https:\/\/blackauroranook.com\/wp-content\/uploads\/2023\/03\/IMG_2496-2048x1366.jpg 2048w\" sizes=\"auto, (max-width: 1024px) 100vw, 1024px\" \/><\/figure>\n\n\n\n<figure class=\"wp-block-image size-large\"><img loading=\"lazy\" decoding=\"async\" width=\"1024\" height=\"683\" src=\"https:\/\/blackauroranook.com\/wp-content\/uploads\/2023\/02\/F1BD8B71-9A71-4AAF-B353-442FC3BDE73A-1024x683.jpeg\" alt=\"\" class=\"wp-image-33\" srcset=\"https:\/\/blackauroranook.com\/wp-content\/uploads\/2023\/02\/F1BD8B71-9A71-4AAF-B353-442FC3BDE73A-1024x683.jpeg 1024w, https:\/\/blackauroranook.com\/wp-content\/uploads\/2023\/02\/F1BD8B71-9A71-4AAF-B353-442FC3BDE73A-300x200.jpeg 300w, https:\/\/blackauroranook.com\/wp-content\/uploads\/2023\/02\/F1BD8B71-9A71-4AAF-B353-442FC3BDE73A-768x512.jpeg 768w, https:\/\/blackauroranook.com\/wp-content\/uploads\/2023\/02\/F1BD8B71-9A71-4AAF-B353-442FC3BDE73A-1536x1024.jpeg 1536w, https:\/\/blackauroranook.com\/wp-content\/uploads\/2023\/02\/F1BD8B71-9A71-4AAF-B353-442FC3BDE73A-2048x1365.jpeg 2048w\" sizes=\"auto, (max-width: 1024px) 100vw, 1024px\" \/><\/figure>\n\n\n\n<figure class=\"wp-block-image size-large\"><img loading=\"lazy\" decoding=\"async\" width=\"1024\" height=\"683\" src=\"https:\/\/blackauroranook.com\/wp-content\/uploads\/2023\/03\/IMG_2494-1024x683.jpg\" alt=\"\" class=\"wp-image-152\" srcset=\"https:\/\/blackauroranook.com\/wp-content\/uploads\/2023\/03\/IMG_2494-1024x683.jpg 1024w, https:\/\/blackauroranook.com\/wp-content\/uploads\/2023\/03\/IMG_2494-300x200.jpg 300w, https:\/\/blackauroranook.com\/wp-content\/uploads\/2023\/03\/IMG_2494-768x512.jpg 768w, https:\/\/blackauroranook.com\/wp-content\/uploads\/2023\/03\/IMG_2494-1536x1024.jpg 1536w, https:\/\/blackauroranook.com\/wp-content\/uploads\/2023\/03\/IMG_2494-2048x1366.jpg 2048w\" sizes=\"auto, (max-width: 1024px) 100vw, 1024px\" \/><\/figure>\n\n\n\n<figure class=\"wp-block-image size-large\"><img loading=\"lazy\" decoding=\"async\" width=\"1024\" height=\"683\" src=\"https:\/\/blackauroranook.com\/wp-content\/uploads\/2023\/03\/S8A9833_highres_\u00a9_paul_sebesta-1024x683.jpg\" alt=\"\" class=\"wp-image-159\" srcset=\"https:\/\/blackauroranook.com\/wp-content\/uploads\/2023\/03\/S8A9833_highres_\u00a9_paul_sebesta-1024x683.jpg 1024w, https:\/\/blackauroranook.com\/wp-content\/uploads\/2023\/03\/S8A9833_highres_\u00a9_paul_sebesta-300x200.jpg 300w, https:\/\/blackauroranook.com\/wp-content\/uploads\/2023\/03\/S8A9833_highres_\u00a9_paul_sebesta-768x512.jpg 768w, https:\/\/blackauroranook.com\/wp-content\/uploads\/2023\/03\/S8A9833_highres_\u00a9_paul_sebesta-1536x1024.jpg 1536w, https:\/\/blackauroranook.com\/wp-content\/uploads\/2023\/03\/S8A9833_highres_\u00a9_paul_sebesta-2048x1366.jpg 2048w\" sizes=\"auto, (max-width: 1024px) 100vw, 1024px\" \/><\/figure>\n\n\n\n<figure class=\"wp-block-image size-large\"><img loading=\"lazy\" decoding=\"async\" width=\"1024\" height=\"683\" src=\"https:\/\/blackauroranook.com\/wp-content\/uploads\/2023\/02\/868BC34E-0A43-48BB-A215-29460BC9A50C-1024x683.jpeg\" alt=\"\" class=\"wp-image-32\" srcset=\"https:\/\/blackauroranook.com\/wp-content\/uploads\/2023\/02\/868BC34E-0A43-48BB-A215-29460BC9A50C-1024x683.jpeg 1024w, https:\/\/blackauroranook.com\/wp-content\/uploads\/2023\/02\/868BC34E-0A43-48BB-A215-29460BC9A50C-300x200.jpeg 300w, https:\/\/blackauroranook.com\/wp-content\/uploads\/2023\/02\/868BC34E-0A43-48BB-A215-29460BC9A50C-768x512.jpeg 768w, https:\/\/blackauroranook.com\/wp-content\/uploads\/2023\/02\/868BC34E-0A43-48BB-A215-29460BC9A50C-1536x1024.jpeg 1536w, https:\/\/blackauroranook.com\/wp-content\/uploads\/2023\/02\/868BC34E-0A43-48BB-A215-29460BC9A50C-2048x1365.jpeg 2048w\" sizes=\"auto, (max-width: 1024px) 100vw, 1024px\" \/><\/figure>\n\n\n\n<figure class=\"wp-block-image size-large\"><img loading=\"lazy\" decoding=\"async\" width=\"1024\" height=\"682\" src=\"https:\/\/blackauroranook.com\/wp-content\/uploads\/2023\/03\/IMG_2593-1024x682.jpg\" alt=\"\" class=\"wp-image-179\" srcset=\"https:\/\/blackauroranook.com\/wp-content\/uploads\/2023\/03\/IMG_2593-1024x682.jpg 1024w, https:\/\/blackauroranook.com\/wp-content\/uploads\/2023\/03\/IMG_2593-300x200.jpg 300w, https:\/\/blackauroranook.com\/wp-content\/uploads\/2023\/03\/IMG_2593-768x512.jpg 768w, https:\/\/blackauroranook.com\/wp-content\/uploads\/2023\/03\/IMG_2593-1536x1024.jpg 1536w, https:\/\/blackauroranook.com\/wp-content\/uploads\/2023\/03\/IMG_2593.jpg 1772w\" sizes=\"auto, (max-width: 1024px) 100vw, 1024px\" \/><\/figure>\n<\/div>\n\n\n\n<figure class=\"wp-block-image size-large\"><img loading=\"lazy\" decoding=\"async\" width=\"1024\" height=\"680\" src=\"https:\/\/blackauroranook.com\/wp-content\/uploads\/2023\/10\/S8A3164_web_\u00a9_paul_sebesta-scaled-e1696702950122-1024x680.jpg\" alt=\"\" class=\"wp-image-258\" srcset=\"https:\/\/blackauroranook.com\/wp-content\/uploads\/2023\/10\/S8A3164_web_\u00a9_paul_sebesta-scaled-e1696702950122-1024x680.jpg 1024w, https:\/\/blackauroranook.com\/wp-content\/uploads\/2023\/10\/S8A3164_web_\u00a9_paul_sebesta-scaled-e1696702950122-300x199.jpg 300w, https:\/\/blackauroranook.com\/wp-content\/uploads\/2023\/10\/S8A3164_web_\u00a9_paul_sebesta-scaled-e1696702950122-768x510.jpg 768w, https:\/\/blackauroranook.com\/wp-content\/uploads\/2023\/10\/S8A3164_web_\u00a9_paul_sebesta-scaled-e1696702950122-1536x1020.jpg 1536w, https:\/\/blackauroranook.com\/wp-content\/uploads\/2023\/10\/S8A3164_web_\u00a9_paul_sebesta-scaled-e1696702950122-2048x1360.jpg 2048w\" sizes=\"auto, (max-width: 1024px) 100vw, 1024px\" \/><\/figure>\n\n\n\n<figure class=\"wp-block-image size-large\"><img loading=\"lazy\" decoding=\"async\" width=\"1024\" height=\"682\" src=\"https:\/\/blackauroranook.com\/wp-content\/uploads\/2023\/10\/S8A3170_web_\u00a9_paul_sebesta-scaled-e1696703454844-1024x682.jpg\" alt=\"\" class=\"wp-image-259\" srcset=\"https:\/\/blackauroranook.com\/wp-content\/uploads\/2023\/10\/S8A3170_web_\u00a9_paul_sebesta-scaled-e1696703454844-1024x682.jpg 1024w, https:\/\/blackauroranook.com\/wp-content\/uploads\/2023\/10\/S8A3170_web_\u00a9_paul_sebesta-scaled-e1696703454844-300x200.jpg 300w, https:\/\/blackauroranook.com\/wp-content\/uploads\/2023\/10\/S8A3170_web_\u00a9_paul_sebesta-scaled-e1696703454844-768x511.jpg 768w, https:\/\/blackauroranook.com\/wp-content\/uploads\/2023\/10\/S8A3170_web_\u00a9_paul_sebesta-scaled-e1696703454844-1536x1023.jpg 1536w, https:\/\/blackauroranook.com\/wp-content\/uploads\/2023\/10\/S8A3170_web_\u00a9_paul_sebesta-scaled-e1696703454844-2048x1364.jpg 2048w\" sizes=\"auto, (max-width: 1024px) 100vw, 1024px\" \/><\/figure>\n\n\n\n<figure class=\"wp-block-image size-large\"><img loading=\"lazy\" decoding=\"async\" width=\"1024\" height=\"695\" src=\"https:\/\/blackauroranook.com\/wp-content\/uploads\/2023\/10\/S8A3128_web_\u00a9_paul_sebesta-scaled-e1696702917183-1024x695.jpg\" alt=\"\" class=\"wp-image-257\" srcset=\"https:\/\/blackauroranook.com\/wp-content\/uploads\/2023\/10\/S8A3128_web_\u00a9_paul_sebesta-scaled-e1696702917183-1024x695.jpg 1024w, https:\/\/blackauroranook.com\/wp-content\/uploads\/2023\/10\/S8A3128_web_\u00a9_paul_sebesta-scaled-e1696702917183-300x204.jpg 300w, https:\/\/blackauroranook.com\/wp-content\/uploads\/2023\/10\/S8A3128_web_\u00a9_paul_sebesta-scaled-e1696702917183-768x521.jpg 768w, https:\/\/blackauroranook.com\/wp-content\/uploads\/2023\/10\/S8A3128_web_\u00a9_paul_sebesta-scaled-e1696702917183-1536x1043.jpg 1536w, https:\/\/blackauroranook.com\/wp-content\/uploads\/2023\/10\/S8A3128_web_\u00a9_paul_sebesta-scaled-e1696702917183-2048x1391.jpg 2048w\" sizes=\"auto, (max-width: 1024px) 100vw, 1024px\" \/><\/figure>\n","protected":false},"excerpt":{"rendered":"<p>Black Aurora Nook bietet Platz zum Verweilen und Wohlf\u00fchlen in der nat\u00fcrlichen Umgebung der Lofoten. Auf 65 m\u00b2 finden Sie ein offenes Wohnzimmer mit K\u00fcche und Esstisch mit Blick auf den Austnesfjord und zwei Schlafzimmer mit luxuri\u00f6sem Bad mit Blick auf den h\u00f6chsten Berg der Lofoten. Vom Hauptschlafzimmer aus f\u00fchrt eine Holztreppe zur Galerie mit [&hellip;]<\/p>\n","protected":false},"author":1,"featured_media":0,"parent":0,"menu_order":0,"comment_status":"closed","ping_status":"closed","template":"","meta":{"footnotes":""},"class_list":["post-88","page","type-page","status-publish","hentry"],"yoast_head":"<!-- This site is optimized with the Yoast SEO plugin v27.5 - https:\/\/yoast.com\/product\/yoast-seo-wordpress\/ -->\n<title>Innenbereich<\/title>\n<meta name=\"description\" content=\"Alle M\u00f6bel sind von einem lokalen Schreiner aus unbehandeltem Holz handgefertigt. Ein besonderes Highlight ist die 3 Meter hohe, handgefertigte Holzschiebet\u00fcr, zwischen Esszimmer und Elternschlafzimmer.\" \/>\n<meta name=\"robots\" content=\"index, follow, max-snippet:-1, max-image-preview:large, max-video-preview:-1\" \/>\n<link rel=\"canonical\" href=\"https:\/\/blackauroranook.com\/de\/indoor\/\" \/>\n<meta property=\"og:locale\" content=\"de_DE\" \/>\n<meta property=\"og:locale:alternate\" content=\"en_GB\" \/>\n<meta property=\"og:locale:alternate\" content=\"fr\" \/>\n<meta property=\"og:type\" content=\"article\" \/>\n<meta property=\"og:title\" content=\"Innenbereich\" \/>\n<meta property=\"og:description\" content=\"Alle M\u00f6bel sind von einem lokalen Schreiner aus unbehandeltem Holz handgefertigt. Ein besonderes Highlight ist die 3 Meter hohe, handgefertigte Holzschiebet\u00fcr, zwischen Esszimmer und Elternschlafzimmer.\" \/>\n<meta property=\"og:url\" content=\"https:\/\/blackauroranook.com\/de\/indoor\/\" \/>\n<meta property=\"og:site_name\" content=\"Black Aurora Nook\" \/>\n<meta property=\"article:modified_time\" content=\"2026-03-16T12:23:28+00:00\" \/>\n<meta property=\"og:image\" content=\"https:\/\/blackauroranook.com\/wp-content\/uploads\/2023\/03\/IMG_2488.jpg\" \/>\n\t<meta property=\"og:image:width\" content=\"2362\" \/>\n\t<meta property=\"og:image:height\" content=\"1575\" \/>\n\t<meta property=\"og:image:type\" content=\"image\/jpeg\" \/>\n<meta name=\"twitter:card\" content=\"summary_large_image\" \/>\n<meta name=\"twitter:label1\" content=\"Gesch\u00e4tzte Lesezeit\" \/>\n\t<meta name=\"twitter:data1\" content=\"4\u00a0Minuten\" \/>\n<script type=\"application\/ld+json\" class=\"yoast-schema-graph\">{\"@context\":\"https:\\\/\\\/schema.org\",\"@graph\":[{\"@type\":\"WebPage\",\"@id\":\"https:\\\/\\\/blackauroranook.com\\\/fr\\\/indoor\\\/\",\"url\":\"https:\\\/\\\/blackauroranook.com\\\/fr\\\/indoor\\\/\",\"name\":\"Innenbereich\",\"isPartOf\":{\"@id\":\"https:\\\/\\\/blackauroranook.com\\\/#website\"},\"primaryImageOfPage\":{\"@id\":\"https:\\\/\\\/blackauroranook.com\\\/fr\\\/indoor\\\/#primaryimage\"},\"image\":{\"@id\":\"https:\\\/\\\/blackauroranook.com\\\/fr\\\/indoor\\\/#primaryimage\"},\"thumbnailUrl\":\"https:\\\/\\\/blackauroranook.com\\\/wp-content\\\/uploads\\\/2023\\\/03\\\/IMG_2488-1024x683.jpg\",\"datePublished\":\"2023-03-08T10:53:08+00:00\",\"dateModified\":\"2026-03-16T12:23:28+00:00\",\"description\":\"Alle M\u00f6bel sind von einem lokalen Schreiner aus unbehandeltem Holz handgefertigt. Ein besonderes Highlight ist die 3 Meter hohe, handgefertigte Holzschiebet\u00fcr, zwischen Esszimmer und Elternschlafzimmer.\",\"breadcrumb\":{\"@id\":\"https:\\\/\\\/blackauroranook.com\\\/fr\\\/indoor\\\/#breadcrumb\"},\"inLanguage\":\"de-DE\",\"potentialAction\":[{\"@type\":\"ReadAction\",\"target\":[\"https:\\\/\\\/blackauroranook.com\\\/fr\\\/indoor\\\/\"]}]},{\"@type\":\"ImageObject\",\"inLanguage\":\"de-DE\",\"@id\":\"https:\\\/\\\/blackauroranook.com\\\/fr\\\/indoor\\\/#primaryimage\",\"url\":\"https:\\\/\\\/blackauroranook.com\\\/wp-content\\\/uploads\\\/2023\\\/03\\\/IMG_2488-1024x683.jpg\",\"contentUrl\":\"https:\\\/\\\/blackauroranook.com\\\/wp-content\\\/uploads\\\/2023\\\/03\\\/IMG_2488-1024x683.jpg\"},{\"@type\":\"BreadcrumbList\",\"@id\":\"https:\\\/\\\/blackauroranook.com\\\/fr\\\/indoor\\\/#breadcrumb\",\"itemListElement\":[{\"@type\":\"ListItem\",\"position\":1,\"name\":\"Home\",\"item\":\"https:\\\/\\\/blackauroranook.com\\\/fr\\\/\"},{\"@type\":\"ListItem\",\"position\":2,\"name\":\"Int\u00e9rieur\"}]},{\"@type\":\"WebSite\",\"@id\":\"https:\\\/\\\/blackauroranook.com\\\/#website\",\"url\":\"https:\\\/\\\/blackauroranook.com\\\/\",\"name\":\"Black Aurora Nook\",\"description\":\"Black Aurora Nook ist ein einzigartiges, gem\u00fctliches architektonisches Ferienhaus f\u00fcr Familien, Paare und Naturliebhaber.\",\"publisher\":{\"@id\":\"https:\\\/\\\/blackauroranook.com\\\/#organization\"},\"potentialAction\":[{\"@type\":\"SearchAction\",\"target\":{\"@type\":\"EntryPoint\",\"urlTemplate\":\"https:\\\/\\\/blackauroranook.com\\\/?s={search_term_string}\"},\"query-input\":{\"@type\":\"PropertyValueSpecification\",\"valueRequired\":true,\"valueName\":\"search_term_string\"}}],\"inLanguage\":\"de-DE\"},{\"@type\":\"Organization\",\"@id\":\"https:\\\/\\\/blackauroranook.com\\\/#organization\",\"name\":\"Black Aurora Nook\",\"url\":\"https:\\\/\\\/blackauroranook.com\\\/\",\"logo\":{\"@type\":\"ImageObject\",\"inLanguage\":\"de-DE\",\"@id\":\"https:\\\/\\\/blackauroranook.com\\\/#\\\/schema\\\/logo\\\/image\\\/\",\"url\":\"https:\\\/\\\/blackauroranook.com\\\/wp-content\\\/uploads\\\/2026\\\/03\\\/photo_2025-08-21-11.25.04.jpeg\",\"contentUrl\":\"https:\\\/\\\/blackauroranook.com\\\/wp-content\\\/uploads\\\/2026\\\/03\\\/photo_2025-08-21-11.25.04.jpeg\",\"width\":1024,\"height\":1024,\"caption\":\"Black Aurora Nook\"},\"image\":{\"@id\":\"https:\\\/\\\/blackauroranook.com\\\/#\\\/schema\\\/logo\\\/image\\\/\"},\"sameAs\":[\"https:\\\/\\\/instagram.com\\\/black_aurora_lofoten_islands?igshid=YmMyMTA2M2Y\"]}]}<\/script>\n<!-- \/ Yoast SEO plugin. -->","yoast_head_json":{"title":"Innenbereich","description":"Alle M\u00f6bel sind von einem lokalen Schreiner aus unbehandeltem Holz handgefertigt. Ein besonderes Highlight ist die 3 Meter hohe, handgefertigte Holzschiebet\u00fcr, zwischen Esszimmer und Elternschlafzimmer.","robots":{"index":"index","follow":"follow","max-snippet":"max-snippet:-1","max-image-preview":"max-image-preview:large","max-video-preview":"max-video-preview:-1"},"canonical":"https:\/\/blackauroranook.com\/de\/indoor\/","og_locale":"de_DE","og_type":"article","og_title":"[:en]Indoor[:de]Innenbereich[:fr]Int\u00e9rieur[:] - Black Aurora Nook","og_description":"[:de]Alle M\u00f6bel sind von einem lokalen Schreiner aus unbehandeltem Holz handgefertigt. Ein besonderes Highlight ist die 3 Meter hohe, handgefertigte Holzschiebet\u00fcr, zwischen Esszimmer und Elternschlafzimmer.[:]","og_url":"https:\/\/blackauroranook.com\/de\/indoor\/","og_site_name":"Black Aurora Nook","article_modified_time":"2026-03-16T12:23:28+00:00","og_image":[{"width":2362,"height":1575,"url":"https:\/\/blackauroranook.com\/wp-content\/uploads\/2023\/03\/IMG_2488.jpg","type":"image\/jpeg"}],"twitter_card":"summary_large_image","twitter_misc":{"Gesch\u00e4tzte Lesezeit":"4\u00a0Minuten"},"schema":{"@context":"https:\/\/schema.org","@graph":[{"@type":"WebPage","@id":"https:\/\/blackauroranook.com\/fr\/indoor\/","url":"https:\/\/blackauroranook.com\/fr\/indoor\/","name":"Innenbereich","isPartOf":{"@id":"https:\/\/blackauroranook.com\/#website"},"primaryImageOfPage":{"@id":"https:\/\/blackauroranook.com\/fr\/indoor\/#primaryimage"},"image":{"@id":"https:\/\/blackauroranook.com\/fr\/indoor\/#primaryimage"},"thumbnailUrl":"https:\/\/blackauroranook.com\/wp-content\/uploads\/2023\/03\/IMG_2488-1024x683.jpg","datePublished":"2023-03-08T10:53:08+00:00","dateModified":"2026-03-16T12:23:28+00:00","description":"Alle M\u00f6bel sind von einem lokalen Schreiner aus unbehandeltem Holz handgefertigt. Ein besonderes Highlight ist die 3 Meter hohe, handgefertigte Holzschiebet\u00fcr, zwischen Esszimmer und Elternschlafzimmer.","breadcrumb":{"@id":"https:\/\/blackauroranook.com\/fr\/indoor\/#breadcrumb"},"inLanguage":"de-DE","potentialAction":[{"@type":"ReadAction","target":["https:\/\/blackauroranook.com\/fr\/indoor\/"]}]},{"@type":"ImageObject","inLanguage":"de-DE","@id":"https:\/\/blackauroranook.com\/fr\/indoor\/#primaryimage","url":"https:\/\/blackauroranook.com\/wp-content\/uploads\/2023\/03\/IMG_2488-1024x683.jpg","contentUrl":"https:\/\/blackauroranook.com\/wp-content\/uploads\/2023\/03\/IMG_2488-1024x683.jpg"},{"@type":"BreadcrumbList","@id":"https:\/\/blackauroranook.com\/fr\/indoor\/#breadcrumb","itemListElement":[{"@type":"ListItem","position":1,"name":"Home","item":"https:\/\/blackauroranook.com\/fr\/"},{"@type":"ListItem","position":2,"name":"Int\u00e9rieur"}]},{"@type":"WebSite","@id":"https:\/\/blackauroranook.com\/#website","url":"https:\/\/blackauroranook.com\/","name":"Black Aurora Nook","description":"Black Aurora Nook ist ein einzigartiges, gem\u00fctliches architektonisches Ferienhaus f\u00fcr Familien, Paare und Naturliebhaber.","publisher":{"@id":"https:\/\/blackauroranook.com\/#organization"},"potentialAction":[{"@type":"SearchAction","target":{"@type":"EntryPoint","urlTemplate":"https:\/\/blackauroranook.com\/?s={search_term_string}"},"query-input":{"@type":"PropertyValueSpecification","valueRequired":true,"valueName":"search_term_string"}}],"inLanguage":"de-DE"},{"@type":"Organization","@id":"https:\/\/blackauroranook.com\/#organization","name":"Black Aurora Nook","url":"https:\/\/blackauroranook.com\/","logo":{"@type":"ImageObject","inLanguage":"de-DE","@id":"https:\/\/blackauroranook.com\/#\/schema\/logo\/image\/","url":"https:\/\/blackauroranook.com\/wp-content\/uploads\/2026\/03\/photo_2025-08-21-11.25.04.jpeg","contentUrl":"https:\/\/blackauroranook.com\/wp-content\/uploads\/2026\/03\/photo_2025-08-21-11.25.04.jpeg","width":1024,"height":1024,"caption":"Black Aurora Nook"},"image":{"@id":"https:\/\/blackauroranook.com\/#\/schema\/logo\/image\/"},"sameAs":["https:\/\/instagram.com\/black_aurora_lofoten_islands?igshid=YmMyMTA2M2Y"]}]}},"_links":{"self":[{"href":"https:\/\/blackauroranook.com\/de\/wp-json\/wp\/v2\/pages\/88","targetHints":{"allow":["GET"]}}],"collection":[{"href":"https:\/\/blackauroranook.com\/de\/wp-json\/wp\/v2\/pages"}],"about":[{"href":"https:\/\/blackauroranook.com\/de\/wp-json\/wp\/v2\/types\/page"}],"author":[{"embeddable":true,"href":"https:\/\/blackauroranook.com\/de\/wp-json\/wp\/v2\/users\/1"}],"replies":[{"embeddable":true,"href":"https:\/\/blackauroranook.com\/de\/wp-json\/wp\/v2\/comments?post=88"}],"version-history":[{"count":18,"href":"https:\/\/blackauroranook.com\/de\/wp-json\/wp\/v2\/pages\/88\/revisions"}],"predecessor-version":[{"id":589,"href":"https:\/\/blackauroranook.com\/de\/wp-json\/wp\/v2\/pages\/88\/revisions\/589"}],"wp:attachment":[{"href":"https:\/\/blackauroranook.com\/de\/wp-json\/wp\/v2\/media?parent=88"}],"curies":[{"name":"wp","href":"https:\/\/api.w.org\/{rel}","templated":true}]}}