{"id":93,"date":"2023-03-08T11:01:04","date_gmt":"2023-03-08T11:01:04","guid":{"rendered":"https:\/\/blackauroranook.com\/?page_id=93"},"modified":"2026-03-16T12:34:32","modified_gmt":"2026-03-16T12:34:32","slug":"the-house","status":"publish","type":"page","link":"https:\/\/blackauroranook.com\/de\/the-house\/","title":{"rendered":"Das Haus"},"content":{"rendered":"\n<p>Black Aurora Nook ist ein architektonisches, modernes und luxuri\u00f6ses Refugium. Die Architektur ist auff\u00e4llig und vermittelt ein angenehmes Gef\u00fchl. Die H\u00fctte ist eine Fachwerkkonstruktion mit einer speziellen Dachkonstruktion, die im Inneren interessante R\u00e4ume schafft. Der gro\u00dfz\u00fcgige, doppelhohe Wohnraum und die Galerien unter dem schr\u00e4gen Dach bieten den G\u00e4sten ein einzigartiges Raumerlebnis.<\/p>\n\n\n\n<p>Die vom Boden bis zur Decke reichenden Fenster bieten einen weiten Blick auf die sich st\u00e4ndig ver\u00e4ndernde Natur drau\u00dfen. Genie\u00dfen Sie den Blick auf den weiten Fjord, das offene Meer mit der Mitternachtssonne im Sommer und auf den hohen Berg <em>Higrav<\/em>. Lassen Sie sich von der gem\u00fctlichen H\u00fctte aus von der gro\u00dfartigen Landschaft verzaubern oder gehen Sie direkt vor die T\u00fcr und wandern Sie. Das Abenteuer liegt direkt vor Ihrer Haust\u00fcr.<\/p>\n\n\n\n<div class=\"wp-block-group is-layout-flex wp-block-group-is-layout-flex\">\n<figure class=\"wp-block-image size-large\"><img loading=\"lazy\" decoding=\"async\" width=\"1024\" height=\"683\" src=\"https:\/\/blackauroranook.com\/wp-content\/uploads\/2023\/03\/IMG_2471-1024x683.jpg\" alt=\"\" class=\"wp-image-167\" srcset=\"https:\/\/blackauroranook.com\/wp-content\/uploads\/2023\/03\/IMG_2471-1024x683.jpg 1024w, https:\/\/blackauroranook.com\/wp-content\/uploads\/2023\/03\/IMG_2471-300x200.jpg 300w, https:\/\/blackauroranook.com\/wp-content\/uploads\/2023\/03\/IMG_2471-768x512.jpg 768w, https:\/\/blackauroranook.com\/wp-content\/uploads\/2023\/03\/IMG_2471-1536x1024.jpg 1536w, https:\/\/blackauroranook.com\/wp-content\/uploads\/2023\/03\/IMG_2471-2048x1366.jpg 2048w\" sizes=\"auto, (max-width: 1024px) 100vw, 1024px\" \/><\/figure>\n\n\n\n<figure class=\"wp-block-image size-large\"><img loading=\"lazy\" decoding=\"async\" width=\"1024\" height=\"683\" src=\"https:\/\/blackauroranook.com\/wp-content\/uploads\/2023\/03\/IMG_2505-1024x683.jpg\" alt=\"\" class=\"wp-image-188\" srcset=\"https:\/\/blackauroranook.com\/wp-content\/uploads\/2023\/03\/IMG_2505-1024x683.jpg 1024w, https:\/\/blackauroranook.com\/wp-content\/uploads\/2023\/03\/IMG_2505-300x200.jpg 300w, https:\/\/blackauroranook.com\/wp-content\/uploads\/2023\/03\/IMG_2505-768x512.jpg 768w, https:\/\/blackauroranook.com\/wp-content\/uploads\/2023\/03\/IMG_2505-1536x1024.jpg 1536w, https:\/\/blackauroranook.com\/wp-content\/uploads\/2023\/03\/IMG_2505-2048x1366.jpg 2048w\" sizes=\"auto, (max-width: 1024px) 100vw, 1024px\" \/><\/figure>\n\n\n\n<figure class=\"wp-block-image size-large\"><img loading=\"lazy\" decoding=\"async\" width=\"1024\" height=\"683\" src=\"https:\/\/blackauroranook.com\/wp-content\/uploads\/2023\/03\/IMG_2481-1024x683.jpg\" alt=\"\" class=\"wp-image-185\" srcset=\"https:\/\/blackauroranook.com\/wp-content\/uploads\/2023\/03\/IMG_2481-1024x683.jpg 1024w, https:\/\/blackauroranook.com\/wp-content\/uploads\/2023\/03\/IMG_2481-300x200.jpg 300w, https:\/\/blackauroranook.com\/wp-content\/uploads\/2023\/03\/IMG_2481-768x512.jpg 768w, https:\/\/blackauroranook.com\/wp-content\/uploads\/2023\/03\/IMG_2481-1536x1024.jpg 1536w, https:\/\/blackauroranook.com\/wp-content\/uploads\/2023\/03\/IMG_2481-2048x1366.jpg 2048w\" sizes=\"auto, (max-width: 1024px) 100vw, 1024px\" \/><\/figure>\n\n\n\n<figure class=\"wp-block-image size-large\"><img loading=\"lazy\" decoding=\"async\" width=\"1024\" height=\"683\" src=\"https:\/\/blackauroranook.com\/wp-content\/uploads\/2023\/03\/IMG_2534-Kopie-1024x683.jpg\" alt=\"\" class=\"wp-image-191\" srcset=\"https:\/\/blackauroranook.com\/wp-content\/uploads\/2023\/03\/IMG_2534-Kopie-1024x683.jpg 1024w, https:\/\/blackauroranook.com\/wp-content\/uploads\/2023\/03\/IMG_2534-Kopie-300x200.jpg 300w, https:\/\/blackauroranook.com\/wp-content\/uploads\/2023\/03\/IMG_2534-Kopie-768x512.jpg 768w, https:\/\/blackauroranook.com\/wp-content\/uploads\/2023\/03\/IMG_2534-Kopie-1536x1024.jpg 1536w, https:\/\/blackauroranook.com\/wp-content\/uploads\/2023\/03\/IMG_2534-Kopie-2048x1366.jpg 2048w\" sizes=\"auto, (max-width: 1024px) 100vw, 1024px\" \/><\/figure>\n\n\n\n<figure class=\"wp-block-image size-large\"><img loading=\"lazy\" decoding=\"async\" width=\"1024\" height=\"683\" src=\"https:\/\/blackauroranook.com\/wp-content\/uploads\/2023\/03\/IMG_2531-1024x683.jpg\" alt=\"\" class=\"wp-image-190\" srcset=\"https:\/\/blackauroranook.com\/wp-content\/uploads\/2023\/03\/IMG_2531-1024x683.jpg 1024w, https:\/\/blackauroranook.com\/wp-content\/uploads\/2023\/03\/IMG_2531-300x200.jpg 300w, https:\/\/blackauroranook.com\/wp-content\/uploads\/2023\/03\/IMG_2531-768x512.jpg 768w, https:\/\/blackauroranook.com\/wp-content\/uploads\/2023\/03\/IMG_2531-1536x1024.jpg 1536w, https:\/\/blackauroranook.com\/wp-content\/uploads\/2023\/03\/IMG_2531-2048x1366.jpg 2048w\" sizes=\"auto, (max-width: 1024px) 100vw, 1024px\" \/><\/figure>\n\n\n\n<figure class=\"wp-block-image size-large\"><img loading=\"lazy\" decoding=\"async\" width=\"1024\" height=\"675\" src=\"https:\/\/blackauroranook.com\/wp-content\/uploads\/2023\/10\/S8A3335_web_\u00a9_paul_sebesta-scaled-e1696703043717-1024x675.jpg\" alt=\"\" class=\"wp-image-262\" srcset=\"https:\/\/blackauroranook.com\/wp-content\/uploads\/2023\/10\/S8A3335_web_\u00a9_paul_sebesta-scaled-e1696703043717-1024x675.jpg 1024w, https:\/\/blackauroranook.com\/wp-content\/uploads\/2023\/10\/S8A3335_web_\u00a9_paul_sebesta-scaled-e1696703043717-300x198.jpg 300w, https:\/\/blackauroranook.com\/wp-content\/uploads\/2023\/10\/S8A3335_web_\u00a9_paul_sebesta-scaled-e1696703043717-768x507.jpg 768w, https:\/\/blackauroranook.com\/wp-content\/uploads\/2023\/10\/S8A3335_web_\u00a9_paul_sebesta-scaled-e1696703043717-1536x1013.jpg 1536w, https:\/\/blackauroranook.com\/wp-content\/uploads\/2023\/10\/S8A3335_web_\u00a9_paul_sebesta-scaled-e1696703043717-2048x1351.jpg 2048w\" sizes=\"auto, (max-width: 1024px) 100vw, 1024px\" \/><\/figure>\n<\/div>\n\n\n\n<figure class=\"wp-block-image size-large\"><img loading=\"lazy\" decoding=\"async\" width=\"1024\" height=\"685\" src=\"https:\/\/blackauroranook.com\/wp-content\/uploads\/2023\/10\/S8A3214_web_\u00a9_paul_sebesta-scaled-e1696702981673-1024x685.jpg\" alt=\"\" class=\"wp-image-260\" srcset=\"https:\/\/blackauroranook.com\/wp-content\/uploads\/2023\/10\/S8A3214_web_\u00a9_paul_sebesta-scaled-e1696702981673-1024x685.jpg 1024w, https:\/\/blackauroranook.com\/wp-content\/uploads\/2023\/10\/S8A3214_web_\u00a9_paul_sebesta-scaled-e1696702981673-300x201.jpg 300w, https:\/\/blackauroranook.com\/wp-content\/uploads\/2023\/10\/S8A3214_web_\u00a9_paul_sebesta-scaled-e1696702981673-768x513.jpg 768w, https:\/\/blackauroranook.com\/wp-content\/uploads\/2023\/10\/S8A3214_web_\u00a9_paul_sebesta-scaled-e1696702981673-1536x1027.jpg 1536w, https:\/\/blackauroranook.com\/wp-content\/uploads\/2023\/10\/S8A3214_web_\u00a9_paul_sebesta-scaled-e1696702981673-2048x1369.jpg 2048w\" sizes=\"auto, (max-width: 1024px) 100vw, 1024px\" \/><\/figure>\n","protected":false},"excerpt":{"rendered":"<p>Black Aurora Nook ist ein architektonisches, modernes und luxuri\u00f6ses Refugium. Die Architektur ist auff\u00e4llig und vermittelt ein angenehmes Gef\u00fchl. Die H\u00fctte ist eine Fachwerkkonstruktion mit einer speziellen Dachkonstruktion, die im Inneren interessante R\u00e4ume schafft. Der gro\u00dfz\u00fcgige, doppelhohe Wohnraum und die Galerien unter dem schr\u00e4gen Dach bieten den G\u00e4sten ein einzigartiges Raumerlebnis. Die vom Boden bis [&hellip;]<\/p>\n","protected":false},"author":1,"featured_media":0,"parent":0,"menu_order":0,"comment_status":"closed","ping_status":"closed","template":"","meta":{"footnotes":""},"class_list":["post-93","page","type-page","status-publish","hentry"],"yoast_head":"<!-- This site is optimized with the Yoast SEO plugin v27.6 - https:\/\/yoast.com\/product\/yoast-seo-wordpress\/ -->\n<title>Das Haus<\/title>\n<meta name=\"description\" content=\"Black Aurora Nook ist ein architektonisches, modernes und luxuri\u00f6ses Refugium. Die Architektur ist auff\u00e4llig und vermittelt ein angenehmes Gef\u00fchl.\" \/>\n<meta name=\"robots\" content=\"index, follow, max-snippet:-1, max-image-preview:large, max-video-preview:-1\" \/>\n<link rel=\"canonical\" href=\"https:\/\/blackauroranook.com\/de\/the-house\/\" \/>\n<meta property=\"og:locale\" content=\"de_DE\" \/>\n<meta property=\"og:locale:alternate\" content=\"en_GB\" \/>\n<meta property=\"og:locale:alternate\" content=\"fr\" \/>\n<meta property=\"og:type\" content=\"article\" \/>\n<meta property=\"og:title\" content=\"Das Haus\" \/>\n<meta property=\"og:description\" content=\"Black Aurora Nook ist ein architektonisches, modernes und luxuri\u00f6ses Refugium. Die Architektur ist auff\u00e4llig und vermittelt ein angenehmes Gef\u00fchl.\" \/>\n<meta property=\"og:url\" content=\"https:\/\/blackauroranook.com\/de\/the-house\/\" \/>\n<meta property=\"og:site_name\" content=\"Black Aurora Nook\" \/>\n<meta property=\"article:modified_time\" content=\"2026-03-16T12:34:32+00:00\" \/>\n<meta property=\"og:image\" content=\"https:\/\/blackauroranook.com\/wp-content\/uploads\/2023\/03\/IMG_2471.jpg\" \/>\n\t<meta property=\"og:image:width\" content=\"2362\" \/>\n\t<meta property=\"og:image:height\" content=\"1575\" \/>\n\t<meta property=\"og:image:type\" content=\"image\/jpeg\" \/>\n<meta name=\"twitter:card\" content=\"summary_large_image\" \/>\n<meta name=\"twitter:label1\" content=\"Gesch\u00e4tzte Lesezeit\" \/>\n\t<meta name=\"twitter:data1\" content=\"3\u00a0Minuten\" \/>\n<script type=\"application\/ld+json\" class=\"yoast-schema-graph\">{\"@context\":\"https:\\\/\\\/schema.org\",\"@graph\":[{\"@type\":\"WebPage\",\"@id\":\"https:\\\/\\\/blackauroranook.com\\\/fr\\\/the-house\\\/\",\"url\":\"https:\\\/\\\/blackauroranook.com\\\/fr\\\/the-house\\\/\",\"name\":\"Das Haus\",\"isPartOf\":{\"@id\":\"https:\\\/\\\/blackauroranook.com\\\/#website\"},\"primaryImageOfPage\":{\"@id\":\"https:\\\/\\\/blackauroranook.com\\\/fr\\\/the-house\\\/#primaryimage\"},\"image\":{\"@id\":\"https:\\\/\\\/blackauroranook.com\\\/fr\\\/the-house\\\/#primaryimage\"},\"thumbnailUrl\":\"https:\\\/\\\/blackauroranook.com\\\/wp-content\\\/uploads\\\/2023\\\/03\\\/IMG_2471-1024x683.jpg\",\"datePublished\":\"2023-03-08T11:01:04+00:00\",\"dateModified\":\"2026-03-16T12:34:32+00:00\",\"description\":\"Black Aurora Nook ist ein architektonisches, modernes und luxuri\u00f6ses Refugium. Die Architektur ist auff\u00e4llig und vermittelt ein angenehmes Gef\u00fchl.\",\"breadcrumb\":{\"@id\":\"https:\\\/\\\/blackauroranook.com\\\/fr\\\/the-house\\\/#breadcrumb\"},\"inLanguage\":\"de-DE\",\"potentialAction\":[{\"@type\":\"ReadAction\",\"target\":[\"https:\\\/\\\/blackauroranook.com\\\/fr\\\/the-house\\\/\"]}]},{\"@type\":\"ImageObject\",\"inLanguage\":\"de-DE\",\"@id\":\"https:\\\/\\\/blackauroranook.com\\\/fr\\\/the-house\\\/#primaryimage\",\"url\":\"https:\\\/\\\/blackauroranook.com\\\/wp-content\\\/uploads\\\/2023\\\/03\\\/IMG_2471-1024x683.jpg\",\"contentUrl\":\"https:\\\/\\\/blackauroranook.com\\\/wp-content\\\/uploads\\\/2023\\\/03\\\/IMG_2471-1024x683.jpg\"},{\"@type\":\"BreadcrumbList\",\"@id\":\"https:\\\/\\\/blackauroranook.com\\\/fr\\\/the-house\\\/#breadcrumb\",\"itemListElement\":[{\"@type\":\"ListItem\",\"position\":1,\"name\":\"Home\",\"item\":\"https:\\\/\\\/blackauroranook.com\\\/fr\\\/\"},{\"@type\":\"ListItem\",\"position\":2,\"name\":\"La Maison\"}]},{\"@type\":\"WebSite\",\"@id\":\"https:\\\/\\\/blackauroranook.com\\\/#website\",\"url\":\"https:\\\/\\\/blackauroranook.com\\\/\",\"name\":\"Black Aurora Nook\",\"description\":\"Black Aurora Nook ist ein einzigartiges, gem\u00fctliches architektonisches Ferienhaus f\u00fcr Familien, Paare und Naturliebhaber.\",\"publisher\":{\"@id\":\"https:\\\/\\\/blackauroranook.com\\\/#organization\"},\"potentialAction\":[{\"@type\":\"SearchAction\",\"target\":{\"@type\":\"EntryPoint\",\"urlTemplate\":\"https:\\\/\\\/blackauroranook.com\\\/?s={search_term_string}\"},\"query-input\":{\"@type\":\"PropertyValueSpecification\",\"valueRequired\":true,\"valueName\":\"search_term_string\"}}],\"inLanguage\":\"de-DE\"},{\"@type\":\"Organization\",\"@id\":\"https:\\\/\\\/blackauroranook.com\\\/#organization\",\"name\":\"Black Aurora Nook\",\"url\":\"https:\\\/\\\/blackauroranook.com\\\/\",\"logo\":{\"@type\":\"ImageObject\",\"inLanguage\":\"de-DE\",\"@id\":\"https:\\\/\\\/blackauroranook.com\\\/#\\\/schema\\\/logo\\\/image\\\/\",\"url\":\"https:\\\/\\\/blackauroranook.com\\\/wp-content\\\/uploads\\\/2026\\\/03\\\/photo_2025-08-21-11.25.04.jpeg\",\"contentUrl\":\"https:\\\/\\\/blackauroranook.com\\\/wp-content\\\/uploads\\\/2026\\\/03\\\/photo_2025-08-21-11.25.04.jpeg\",\"width\":1024,\"height\":1024,\"caption\":\"Black Aurora Nook\"},\"image\":{\"@id\":\"https:\\\/\\\/blackauroranook.com\\\/#\\\/schema\\\/logo\\\/image\\\/\"},\"sameAs\":[\"https:\\\/\\\/instagram.com\\\/black_aurora_lofoten_islands?igshid=YmMyMTA2M2Y\"]}]}<\/script>\n<!-- \/ Yoast SEO plugin. -->","yoast_head_json":{"title":"Das Haus","description":"Black Aurora Nook ist ein architektonisches, modernes und luxuri\u00f6ses Refugium. Die Architektur ist auff\u00e4llig und vermittelt ein angenehmes Gef\u00fchl.","robots":{"index":"index","follow":"follow","max-snippet":"max-snippet:-1","max-image-preview":"max-image-preview:large","max-video-preview":"max-video-preview:-1"},"canonical":"https:\/\/blackauroranook.com\/de\/the-house\/","og_locale":"de_DE","og_type":"article","og_title":"[:en]The House[:de]Das Haus[:fr]La Maison[:] - Black Aurora Nook","og_description":"[:de]Black Aurora Nook ist ein architektonisches, modernes und luxuri\u00f6ses Refugium. Die Architektur ist auff\u00e4llig und vermittelt ein angenehmes Gef\u00fchl.[:]","og_url":"https:\/\/blackauroranook.com\/de\/the-house\/","og_site_name":"Black Aurora Nook","article_modified_time":"2026-03-16T12:34:32+00:00","og_image":[{"width":2362,"height":1575,"url":"https:\/\/blackauroranook.com\/wp-content\/uploads\/2023\/03\/IMG_2471.jpg","type":"image\/jpeg"}],"twitter_card":"summary_large_image","twitter_misc":{"Gesch\u00e4tzte Lesezeit":"3\u00a0Minuten"},"schema":{"@context":"https:\/\/schema.org","@graph":[{"@type":"WebPage","@id":"https:\/\/blackauroranook.com\/fr\/the-house\/","url":"https:\/\/blackauroranook.com\/fr\/the-house\/","name":"Das Haus","isPartOf":{"@id":"https:\/\/blackauroranook.com\/#website"},"primaryImageOfPage":{"@id":"https:\/\/blackauroranook.com\/fr\/the-house\/#primaryimage"},"image":{"@id":"https:\/\/blackauroranook.com\/fr\/the-house\/#primaryimage"},"thumbnailUrl":"https:\/\/blackauroranook.com\/wp-content\/uploads\/2023\/03\/IMG_2471-1024x683.jpg","datePublished":"2023-03-08T11:01:04+00:00","dateModified":"2026-03-16T12:34:32+00:00","description":"Black Aurora Nook ist ein architektonisches, modernes und luxuri\u00f6ses Refugium. Die Architektur ist auff\u00e4llig und vermittelt ein angenehmes Gef\u00fchl.","breadcrumb":{"@id":"https:\/\/blackauroranook.com\/fr\/the-house\/#breadcrumb"},"inLanguage":"de-DE","potentialAction":[{"@type":"ReadAction","target":["https:\/\/blackauroranook.com\/fr\/the-house\/"]}]},{"@type":"ImageObject","inLanguage":"de-DE","@id":"https:\/\/blackauroranook.com\/fr\/the-house\/#primaryimage","url":"https:\/\/blackauroranook.com\/wp-content\/uploads\/2023\/03\/IMG_2471-1024x683.jpg","contentUrl":"https:\/\/blackauroranook.com\/wp-content\/uploads\/2023\/03\/IMG_2471-1024x683.jpg"},{"@type":"BreadcrumbList","@id":"https:\/\/blackauroranook.com\/fr\/the-house\/#breadcrumb","itemListElement":[{"@type":"ListItem","position":1,"name":"Home","item":"https:\/\/blackauroranook.com\/fr\/"},{"@type":"ListItem","position":2,"name":"La Maison"}]},{"@type":"WebSite","@id":"https:\/\/blackauroranook.com\/#website","url":"https:\/\/blackauroranook.com\/","name":"Black Aurora Nook","description":"Black Aurora Nook ist ein einzigartiges, gem\u00fctliches architektonisches Ferienhaus f\u00fcr Familien, Paare und Naturliebhaber.","publisher":{"@id":"https:\/\/blackauroranook.com\/#organization"},"potentialAction":[{"@type":"SearchAction","target":{"@type":"EntryPoint","urlTemplate":"https:\/\/blackauroranook.com\/?s={search_term_string}"},"query-input":{"@type":"PropertyValueSpecification","valueRequired":true,"valueName":"search_term_string"}}],"inLanguage":"de-DE"},{"@type":"Organization","@id":"https:\/\/blackauroranook.com\/#organization","name":"Black Aurora Nook","url":"https:\/\/blackauroranook.com\/","logo":{"@type":"ImageObject","inLanguage":"de-DE","@id":"https:\/\/blackauroranook.com\/#\/schema\/logo\/image\/","url":"https:\/\/blackauroranook.com\/wp-content\/uploads\/2026\/03\/photo_2025-08-21-11.25.04.jpeg","contentUrl":"https:\/\/blackauroranook.com\/wp-content\/uploads\/2026\/03\/photo_2025-08-21-11.25.04.jpeg","width":1024,"height":1024,"caption":"Black Aurora Nook"},"image":{"@id":"https:\/\/blackauroranook.com\/#\/schema\/logo\/image\/"},"sameAs":["https:\/\/instagram.com\/black_aurora_lofoten_islands?igshid=YmMyMTA2M2Y"]}]}},"_links":{"self":[{"href":"https:\/\/blackauroranook.com\/de\/wp-json\/wp\/v2\/pages\/93","targetHints":{"allow":["GET"]}}],"collection":[{"href":"https:\/\/blackauroranook.com\/de\/wp-json\/wp\/v2\/pages"}],"about":[{"href":"https:\/\/blackauroranook.com\/de\/wp-json\/wp\/v2\/types\/page"}],"author":[{"embeddable":true,"href":"https:\/\/blackauroranook.com\/de\/wp-json\/wp\/v2\/users\/1"}],"replies":[{"embeddable":true,"href":"https:\/\/blackauroranook.com\/de\/wp-json\/wp\/v2\/comments?post=93"}],"version-history":[{"count":23,"href":"https:\/\/blackauroranook.com\/de\/wp-json\/wp\/v2\/pages\/93\/revisions"}],"predecessor-version":[{"id":594,"href":"https:\/\/blackauroranook.com\/de\/wp-json\/wp\/v2\/pages\/93\/revisions\/594"}],"wp:attachment":[{"href":"https:\/\/blackauroranook.com\/de\/wp-json\/wp\/v2\/media?parent=93"}],"curies":[{"name":"wp","href":"https:\/\/api.w.org\/{rel}","templated":true}]}}