{"id":2,"date":"2023-02-24T13:26:12","date_gmt":"2023-02-24T13:26:12","guid":{"rendered":"http:\/\/blackauroranook.com\/?page_id=2"},"modified":"2026-03-16T12:22:01","modified_gmt":"2026-03-16T12:22:01","slug":"destination","status":"publish","type":"page","link":"https:\/\/blackauroranook.com\/fr\/destination\/","title":{"rendered":"Destination"},"content":{"rendered":"\n<p >\n<div style=\"display:none; width: 100%;\n    aspect-ratio: 1920 \/ 1080;\n    background-size: contain;\n    background-image: url(https:\/\/my.hidrive.com\/api\/sharelink\/download?id=B7rjgyQ2d);\"><\/div>\n<figcaption class=\"wp-element-caption\" style=\"margin-top:0\">\n<a href=\"\/live\">Live view from house to Higravstinden and Geitgallien mountains<\/figcaption><\/a><\/p>\n\n\n\n\n\n<p>Les \u00eeles Lofoten sont r\u00e9put\u00e9es pour leurs paysages spectaculaires de fjords, de c\u00f4tes sauvages et pour la magie des aurores bor\u00e9ales. La destination est magnifique en toutes saisons : en \u00e9t\u00e9, vous pourrez profiter des plages de sable aux eaux turquoise, en automne admirer le paysage color\u00e9 aux teintes rouges et jaunes, et en hiver ou au printemps, vous aurez de tr\u00e8s bonnes chances d\u2019observer les aurores bor\u00e9ales directement depuis Black Aurora Nook. Tout au long de l\u2019ann\u00e9e, vous pourrez \u00e9galement apercevoir les majestueux aigles de mer, car un site de reproduction principal se trouve \u00e0 proximit\u00e9 de notre cottage.<\/p>\n\n\n\n<p><strong>De janvier \u00e0 mars, la r\u00e9gion est \u00e9galement r\u00e9put\u00e9e pour ses fantastiques possibilit\u00e9s de ski hors-piste. Les meilleures zones se trouvent sur les c\u00e9l\u00e8bres Higravstinden et Sautinden, situ\u00e9s juste \u00e0 c\u00f4t\u00e9 de la maison.<\/strong><\/p>\n\n\n\n<p><strong>Black Aurora Nook, nich\u00e9 dans un petit quartier de cottages compos\u00e9 de 10 maisons, fait partie de Laupstad, une toute petite communaut\u00e9 sans supermarch\u00e9.<\/strong><\/p>\n\n\n\n<p><strong>Svolv\u00e6r, la principale ville des Lofoten, se trouve \u00e0 seulement 20 minutes en voiture et offre toutes les commodit\u00e9s n\u00e9cessaires pour des vacances agr\u00e9ables : restaurants, mus\u00e9es, supermarch\u00e9s, excursions organis\u00e9es en bateau et sorties pour observer les aigles de mer. Pour toute information compl\u00e9mentaire, n\u2019h\u00e9sitez pas \u00e0 nous contacter.<\/strong><\/p>\n\n\n\n<p class=\"has-medium-font-size\"><span style=\"text-decoration: underline;\"><strong>\u00ab Comment rejoindre Black Aurora Nook ?<\/strong><\/span><\/p>\n\n\n\n<p><strong>Le meilleur moyen pour rejoindre Black Aurora Nook est de conduire depuis l\u2019a\u00e9roport de Harstad\/Narvik (2 heures de route) ou depuis l\u2019a\u00e9roport de Svolv\u00e6r (15 minutes de route).<\/strong><\/p>\n\n\n\n<p><strong>Depuis Oslo, plusieurs vols quotidiens partent soit pour Harstad\/Narvik (EVE), soit pour Bod\u00f8. Depuis Narvik, il est pr\u00e9f\u00e9rable de louer une voiture \u00e0 l\u2019a\u00e9roport et de parcourir la magnifique route E10 \u00e0 travers les Lofoten pendant 2 heures pour rejoindre Black Aurora Nook. Depuis Bod\u00f8, vous pouvez prendre un vol jusqu\u2019\u00e0 Svolv\u00e6r, qui ne dure que 20 minutes. Depuis l\u2019a\u00e9roport de Svolv\u00e6r, il est \u00e9galement possible de louer une voiture pour rejoindre Black Aurora Nook.<\/strong><\/p>\n\n\n\n<p><strong>Vous pouvez aussi choisir le ferry Bodo-Moskenes et conduire ensuite sur la E10 en direction nord pendant environ 3 heures pour atteindre Black Aurora Nook. Dans tous les cas, la route E10 \u2013 principale route des Lofoten \u2013 vous offre de nombreux panoramas \u00e0 couper le souffle.<\/strong><\/p>\n\n\n\n<p><\/p>\n\n\n\n<p><\/p>\n\n\n\t\t<div\n            id=\"wpmapblock_84af5228\"\n            data-settings='{&quot;map_marker&quot;:[{&quot;lat&quot;:&quot;68.34782267378509&quot;,&quot;lng&quot;:&quot;14.748261427919926&quot;,&quot;title&quot;:&quot;Geitgallien 9, 8316 Laupstad, Norway&quot;,&quot;content&quot;:&quot;Black Aurora Nook&quot;,&quot;iconType&quot;:&quot;default&quot;,&quot;customIconUrl&quot;:&quot;&quot;,&quot;customIconWidth&quot;:&quot;25&quot;,&quot;customIconHeight&quot;:&quot;40&quot;}],&quot;map_zoom&quot;:&quot;17&quot;,&quot;scroll_wheel_zoom&quot;:false,&quot;map_type&quot;:&quot;OSM&quot;,&quot;center_index&quot;:0}'\n            class=\"wpmapblockrender\"\n            style=\"\n\t\t\twidth: 100%;\n\t\t\theight: 500px;\n\t\t\"\n            >\n        <\/div>\n        \n\n\n<div class=\"wp-block-group is-vertical is-layout-flex wp-container-core-group-is-layout-fe9cc265 wp-block-group-is-layout-flex\">\n<figure class=\"wp-block-image size-large\"><img loading=\"lazy\" decoding=\"async\" width=\"1024\" height=\"495\" src=\"https:\/\/blackauroranook.com\/wp-content\/uploads\/2023\/03\/IMG_4519-1024x495.jpg\" alt=\"\" class=\"wp-image-199\" srcset=\"https:\/\/blackauroranook.com\/wp-content\/uploads\/2023\/03\/IMG_4519-1024x495.jpg 1024w, https:\/\/blackauroranook.com\/wp-content\/uploads\/2023\/03\/IMG_4519-300x145.jpg 300w, https:\/\/blackauroranook.com\/wp-content\/uploads\/2023\/03\/IMG_4519-768x371.jpg 768w, https:\/\/blackauroranook.com\/wp-content\/uploads\/2023\/03\/IMG_4519.jpg 1134w\" sizes=\"auto, (max-width: 1024px) 100vw, 1024px\" \/><figcaption class=\"wp-element-caption\">Near Reine in autumn<\/figcaption><\/figure>\n\n\n\n<figure class=\"wp-block-image size-large\"><img loading=\"lazy\" decoding=\"async\" width=\"1024\" height=\"454\" src=\"https:\/\/blackauroranook.com\/wp-content\/uploads\/2023\/03\/IMG_3155-1024x454.jpg\" alt=\"\" class=\"wp-image-205\" srcset=\"https:\/\/blackauroranook.com\/wp-content\/uploads\/2023\/03\/IMG_3155-1024x454.jpg 1024w, https:\/\/blackauroranook.com\/wp-content\/uploads\/2023\/03\/IMG_3155-300x133.jpg 300w, https:\/\/blackauroranook.com\/wp-content\/uploads\/2023\/03\/IMG_3155-768x340.jpg 768w, https:\/\/blackauroranook.com\/wp-content\/uploads\/2023\/03\/IMG_3155-1536x681.jpg 1536w, https:\/\/blackauroranook.com\/wp-content\/uploads\/2023\/03\/IMG_3155-2048x908.jpg 2048w\" sizes=\"auto, (max-width: 1024px) 100vw, 1024px\" \/><figcaption class=\"wp-element-caption\">Near Ramberg in summertime<\/figcaption><\/figure>\n\n\n\n<figure class=\"wp-block-image size-large\"><img loading=\"lazy\" decoding=\"async\" width=\"1024\" height=\"768\" src=\"https:\/\/blackauroranook.com\/wp-content\/uploads\/2023\/03\/IMG_7066-1024x768.jpg\" alt=\"\" class=\"wp-image-211\" srcset=\"https:\/\/blackauroranook.com\/wp-content\/uploads\/2023\/03\/IMG_7066-1024x768.jpg 1024w, https:\/\/blackauroranook.com\/wp-content\/uploads\/2023\/03\/IMG_7066-300x225.jpg 300w, https:\/\/blackauroranook.com\/wp-content\/uploads\/2023\/03\/IMG_7066-768x576.jpg 768w, https:\/\/blackauroranook.com\/wp-content\/uploads\/2023\/03\/IMG_7066-1536x1152.jpg 1536w, https:\/\/blackauroranook.com\/wp-content\/uploads\/2023\/03\/IMG_7066.jpg 2000w\" sizes=\"auto, (max-width: 1024px) 100vw, 1024px\" \/><figcaption class=\"wp-element-caption\">Laupstad in the beginning of autumn<\/figcaption><\/figure>\n\n\n\n<figure class=\"wp-block-image size-large\"><img loading=\"lazy\" decoding=\"async\" width=\"1024\" height=\"768\" src=\"https:\/\/blackauroranook.com\/wp-content\/uploads\/2023\/03\/IMG_7586-1024x768.jpg\" alt=\"\" class=\"wp-image-210\" srcset=\"https:\/\/blackauroranook.com\/wp-content\/uploads\/2023\/03\/IMG_7586-1024x768.jpg 1024w, https:\/\/blackauroranook.com\/wp-content\/uploads\/2023\/03\/IMG_7586-300x225.jpg 300w, https:\/\/blackauroranook.com\/wp-content\/uploads\/2023\/03\/IMG_7586-768x576.jpg 768w, https:\/\/blackauroranook.com\/wp-content\/uploads\/2023\/03\/IMG_7586-1536x1152.jpg 1536w, https:\/\/blackauroranook.com\/wp-content\/uploads\/2023\/03\/IMG_7586.jpg 1920w\" sizes=\"auto, (max-width: 1024px) 100vw, 1024px\" \/><figcaption class=\"wp-element-caption\">Autumn outside the door<\/figcaption><\/figure>\n\n\n\n<figure class=\"wp-block-image size-large\"><img loading=\"lazy\" decoding=\"async\" width=\"1024\" height=\"767\" src=\"https:\/\/blackauroranook.com\/wp-content\/uploads\/2023\/03\/IMG_6724-1024x767.jpg\" alt=\"\" class=\"wp-image-208\" srcset=\"https:\/\/blackauroranook.com\/wp-content\/uploads\/2023\/03\/IMG_6724-1024x767.jpg 1024w, https:\/\/blackauroranook.com\/wp-content\/uploads\/2023\/03\/IMG_6724-300x225.jpg 300w, https:\/\/blackauroranook.com\/wp-content\/uploads\/2023\/03\/IMG_6724-768x575.jpg 768w, https:\/\/blackauroranook.com\/wp-content\/uploads\/2023\/03\/IMG_6724-1536x1150.jpg 1536w, https:\/\/blackauroranook.com\/wp-content\/uploads\/2023\/03\/IMG_6724.jpg 2000w\" sizes=\"auto, (max-width: 1024px) 100vw, 1024px\" \/><figcaption class=\"wp-element-caption\">A little river springs from Higravstinden next to the house<\/figcaption><\/figure>\n\n\n\n<figure class=\"wp-block-image size-large\"><img loading=\"lazy\" decoding=\"async\" width=\"1024\" height=\"768\" src=\"https:\/\/blackauroranook.com\/wp-content\/uploads\/2023\/03\/IMG_7999-1024x768.jpg\" alt=\"\" class=\"wp-image-209\" srcset=\"https:\/\/blackauroranook.com\/wp-content\/uploads\/2023\/03\/IMG_7999-1024x768.jpg 1024w, https:\/\/blackauroranook.com\/wp-content\/uploads\/2023\/03\/IMG_7999-300x225.jpg 300w, https:\/\/blackauroranook.com\/wp-content\/uploads\/2023\/03\/IMG_7999-768x576.jpg 768w, https:\/\/blackauroranook.com\/wp-content\/uploads\/2023\/03\/IMG_7999-1536x1152.jpg 1536w, https:\/\/blackauroranook.com\/wp-content\/uploads\/2023\/03\/IMG_7999.jpg 2000w\" sizes=\"auto, (max-width: 1024px) 100vw, 1024px\" \/><figcaption class=\"wp-element-caption\">Dogwalk at Higravstinden<\/figcaption><\/figure>\n<\/div>\n","protected":false},"excerpt":{"rendered":"<p>Live view from house to Higravstinden and Geitgallien mountains Les \u00eeles Lofoten sont r\u00e9put\u00e9es pour leurs paysages spectaculaires de fjords, de c\u00f4tes sauvages et pour la magie des aurores bor\u00e9ales. La destination est magnifique en toutes saisons : en \u00e9t\u00e9, vous pourrez profiter des plages de sable aux eaux turquoise, en automne admirer le paysage [&hellip;]<\/p>\n","protected":false},"author":1,"featured_media":24,"parent":0,"menu_order":0,"comment_status":"closed","ping_status":"closed","template":"","meta":{"footnotes":""},"class_list":["post-2","page","type-page","status-publish","has-post-thumbnail","hentry"],"yoast_head":"<!-- This site is optimized with the Yoast SEO plugin v27.5 - https:\/\/yoast.com\/product\/yoast-seo-wordpress\/ -->\n<title>Destination<\/title>\n<meta name=\"robots\" content=\"index, follow, max-snippet:-1, max-image-preview:large, max-video-preview:-1\" \/>\n<link rel=\"canonical\" href=\"https:\/\/blackauroranook.com\/fr\/destination\/\" \/>\n<meta property=\"og:locale\" content=\"fr_FR\" \/>\n<meta property=\"og:locale:alternate\" content=\"en_GB\" \/>\n<meta property=\"og:locale:alternate\" content=\"de_DE\" \/>\n<meta property=\"og:type\" content=\"article\" \/>\n<meta property=\"og:title\" content=\"Destination\" \/>\n<meta property=\"og:description\" content=\"Live view from house to Higravstinden and Geitgallien mountains Les \u00eeles Lofoten sont r\u00e9put\u00e9es pour leurs paysages spectaculaires de fjords, de c\u00f4tes sauvages et pour la magie des aurores bor\u00e9ales. La destination est magnifique en toutes saisons : en \u00e9t\u00e9, vous pourrez profiter des plages de sable aux eaux turquoise, en automne admirer le paysage [&hellip;]\" \/>\n<meta property=\"og:url\" content=\"https:\/\/blackauroranook.com\/fr\/destination\/\" \/>\n<meta property=\"og:site_name\" content=\"Black Aurora Nook\" \/>\n<meta property=\"article:modified_time\" content=\"2026-03-16T12:22:01+00:00\" \/>\n<meta property=\"og:image\" content=\"https:\/\/blackauroranook.com\/wp-content\/uploads\/2023\/02\/S8A0292_highres_\u00a9_paul_sebesta-scaled.jpeg\" \/>\n\t<meta property=\"og:image:width\" content=\"2560\" \/>\n\t<meta property=\"og:image:height\" content=\"1707\" \/>\n\t<meta property=\"og:image:type\" content=\"image\/jpeg\" \/>\n<meta name=\"twitter:card\" content=\"summary_large_image\" \/>\n<meta name=\"twitter:label1\" content=\"Dur\u00e9e de lecture estim\u00e9e\" \/>\n\t<meta name=\"twitter:data1\" content=\"4 minutes\" \/>\n<script type=\"application\/ld+json\" class=\"yoast-schema-graph\">{\"@context\":\"https:\\\/\\\/schema.org\",\"@graph\":[{\"@type\":\"WebPage\",\"@id\":\"https:\\\/\\\/blackauroranook.com\\\/fr\\\/destination\\\/\",\"url\":\"https:\\\/\\\/blackauroranook.com\\\/fr\\\/destination\\\/\",\"name\":\"Destination\",\"isPartOf\":{\"@id\":\"https:\\\/\\\/blackauroranook.com\\\/#website\"},\"primaryImageOfPage\":{\"@id\":\"https:\\\/\\\/blackauroranook.com\\\/fr\\\/destination\\\/#primaryimage\"},\"image\":{\"@id\":\"https:\\\/\\\/blackauroranook.com\\\/fr\\\/destination\\\/#primaryimage\"},\"thumbnailUrl\":\"https:\\\/\\\/blackauroranook.com\\\/wp-content\\\/uploads\\\/2023\\\/02\\\/S8A0292_highres_\u00a9_paul_sebesta-scaled.jpeg\",\"datePublished\":\"2023-02-24T13:26:12+00:00\",\"dateModified\":\"2026-03-16T12:22:01+00:00\",\"breadcrumb\":{\"@id\":\"https:\\\/\\\/blackauroranook.com\\\/fr\\\/destination\\\/#breadcrumb\"},\"inLanguage\":\"fr\",\"potentialAction\":[{\"@type\":\"ReadAction\",\"target\":[\"https:\\\/\\\/blackauroranook.com\\\/fr\\\/destination\\\/\"]}]},{\"@type\":\"ImageObject\",\"inLanguage\":\"fr\",\"@id\":\"https:\\\/\\\/blackauroranook.com\\\/fr\\\/destination\\\/#primaryimage\",\"url\":\"https:\\\/\\\/blackauroranook.com\\\/wp-content\\\/uploads\\\/2023\\\/02\\\/S8A0292_highres_\u00a9_paul_sebesta-scaled.jpeg\",\"contentUrl\":\"https:\\\/\\\/blackauroranook.com\\\/wp-content\\\/uploads\\\/2023\\\/02\\\/S8A0292_highres_\u00a9_paul_sebesta-scaled.jpeg\",\"width\":2560,\"height\":1707},{\"@type\":\"BreadcrumbList\",\"@id\":\"https:\\\/\\\/blackauroranook.com\\\/fr\\\/destination\\\/#breadcrumb\",\"itemListElement\":[{\"@type\":\"ListItem\",\"position\":1,\"name\":\"Home\",\"item\":\"https:\\\/\\\/blackauroranook.com\\\/fr\\\/\"},{\"@type\":\"ListItem\",\"position\":2,\"name\":\"Destination\"}]},{\"@type\":\"WebSite\",\"@id\":\"https:\\\/\\\/blackauroranook.com\\\/#website\",\"url\":\"https:\\\/\\\/blackauroranook.com\\\/\",\"name\":\"Black Aurora Nook\",\"description\":\"Black Aurora Nook est un cottage de vacances architectural, unique et chaleureux, id\u00e9al pour les familles, les couples et les amoureux de la nature\",\"publisher\":{\"@id\":\"https:\\\/\\\/blackauroranook.com\\\/#organization\"},\"potentialAction\":[{\"@type\":\"SearchAction\",\"target\":{\"@type\":\"EntryPoint\",\"urlTemplate\":\"https:\\\/\\\/blackauroranook.com\\\/?s={search_term_string}\"},\"query-input\":{\"@type\":\"PropertyValueSpecification\",\"valueRequired\":true,\"valueName\":\"search_term_string\"}}],\"inLanguage\":\"fr\"},{\"@type\":\"Organization\",\"@id\":\"https:\\\/\\\/blackauroranook.com\\\/#organization\",\"name\":\"Black Aurora Nook\",\"url\":\"https:\\\/\\\/blackauroranook.com\\\/\",\"logo\":{\"@type\":\"ImageObject\",\"inLanguage\":\"fr\",\"@id\":\"https:\\\/\\\/blackauroranook.com\\\/#\\\/schema\\\/logo\\\/image\\\/\",\"url\":\"https:\\\/\\\/blackauroranook.com\\\/wp-content\\\/uploads\\\/2026\\\/03\\\/photo_2025-08-21-11.25.04.jpeg\",\"contentUrl\":\"https:\\\/\\\/blackauroranook.com\\\/wp-content\\\/uploads\\\/2026\\\/03\\\/photo_2025-08-21-11.25.04.jpeg\",\"width\":1024,\"height\":1024,\"caption\":\"Black Aurora Nook\"},\"image\":{\"@id\":\"https:\\\/\\\/blackauroranook.com\\\/#\\\/schema\\\/logo\\\/image\\\/\"},\"sameAs\":[\"https:\\\/\\\/instagram.com\\\/black_aurora_lofoten_islands?igshid=YmMyMTA2M2Y\"]}]}<\/script>\n<!-- \/ Yoast SEO plugin. -->","yoast_head_json":{"title":"Destination","robots":{"index":"index","follow":"follow","max-snippet":"max-snippet:-1","max-image-preview":"max-image-preview:large","max-video-preview":"max-video-preview:-1"},"canonical":"https:\/\/blackauroranook.com\/fr\/destination\/","og_locale":"fr_FR","og_type":"article","og_title":"[:en]Destination[:de]Lage[:] - Black Aurora Nook","og_description":"Live view from house to Higravstinden and Geitgallien mountains Les \u00eeles Lofoten sont r\u00e9put\u00e9es pour leurs paysages spectaculaires de fjords, de c\u00f4tes sauvages et pour la magie des aurores bor\u00e9ales. La destination est magnifique en toutes saisons : en \u00e9t\u00e9, vous pourrez profiter des plages de sable aux eaux turquoise, en automne admirer le paysage [&hellip;]","og_url":"https:\/\/blackauroranook.com\/fr\/destination\/","og_site_name":"Black Aurora Nook","article_modified_time":"2026-03-16T12:22:01+00:00","og_image":[{"width":2560,"height":1707,"url":"https:\/\/blackauroranook.com\/wp-content\/uploads\/2023\/02\/S8A0292_highres_\u00a9_paul_sebesta-scaled.jpeg","type":"image\/jpeg"}],"twitter_card":"summary_large_image","twitter_misc":{"Dur\u00e9e de lecture estim\u00e9e":"4 minutes"},"schema":{"@context":"https:\/\/schema.org","@graph":[{"@type":"WebPage","@id":"https:\/\/blackauroranook.com\/fr\/destination\/","url":"https:\/\/blackauroranook.com\/fr\/destination\/","name":"Destination","isPartOf":{"@id":"https:\/\/blackauroranook.com\/#website"},"primaryImageOfPage":{"@id":"https:\/\/blackauroranook.com\/fr\/destination\/#primaryimage"},"image":{"@id":"https:\/\/blackauroranook.com\/fr\/destination\/#primaryimage"},"thumbnailUrl":"https:\/\/blackauroranook.com\/wp-content\/uploads\/2023\/02\/S8A0292_highres_\u00a9_paul_sebesta-scaled.jpeg","datePublished":"2023-02-24T13:26:12+00:00","dateModified":"2026-03-16T12:22:01+00:00","breadcrumb":{"@id":"https:\/\/blackauroranook.com\/fr\/destination\/#breadcrumb"},"inLanguage":"fr","potentialAction":[{"@type":"ReadAction","target":["https:\/\/blackauroranook.com\/fr\/destination\/"]}]},{"@type":"ImageObject","inLanguage":"fr","@id":"https:\/\/blackauroranook.com\/fr\/destination\/#primaryimage","url":"https:\/\/blackauroranook.com\/wp-content\/uploads\/2023\/02\/S8A0292_highres_\u00a9_paul_sebesta-scaled.jpeg","contentUrl":"https:\/\/blackauroranook.com\/wp-content\/uploads\/2023\/02\/S8A0292_highres_\u00a9_paul_sebesta-scaled.jpeg","width":2560,"height":1707},{"@type":"BreadcrumbList","@id":"https:\/\/blackauroranook.com\/fr\/destination\/#breadcrumb","itemListElement":[{"@type":"ListItem","position":1,"name":"Home","item":"https:\/\/blackauroranook.com\/fr\/"},{"@type":"ListItem","position":2,"name":"Destination"}]},{"@type":"WebSite","@id":"https:\/\/blackauroranook.com\/#website","url":"https:\/\/blackauroranook.com\/","name":"Black Aurora Nook","description":"Black Aurora Nook est un cottage de vacances architectural, unique et chaleureux, id\u00e9al pour les familles, les couples et les amoureux de la nature","publisher":{"@id":"https:\/\/blackauroranook.com\/#organization"},"potentialAction":[{"@type":"SearchAction","target":{"@type":"EntryPoint","urlTemplate":"https:\/\/blackauroranook.com\/?s={search_term_string}"},"query-input":{"@type":"PropertyValueSpecification","valueRequired":true,"valueName":"search_term_string"}}],"inLanguage":"fr"},{"@type":"Organization","@id":"https:\/\/blackauroranook.com\/#organization","name":"Black Aurora Nook","url":"https:\/\/blackauroranook.com\/","logo":{"@type":"ImageObject","inLanguage":"fr","@id":"https:\/\/blackauroranook.com\/#\/schema\/logo\/image\/","url":"https:\/\/blackauroranook.com\/wp-content\/uploads\/2026\/03\/photo_2025-08-21-11.25.04.jpeg","contentUrl":"https:\/\/blackauroranook.com\/wp-content\/uploads\/2026\/03\/photo_2025-08-21-11.25.04.jpeg","width":1024,"height":1024,"caption":"Black Aurora Nook"},"image":{"@id":"https:\/\/blackauroranook.com\/#\/schema\/logo\/image\/"},"sameAs":["https:\/\/instagram.com\/black_aurora_lofoten_islands?igshid=YmMyMTA2M2Y"]}]}},"_links":{"self":[{"href":"https:\/\/blackauroranook.com\/fr\/wp-json\/wp\/v2\/pages\/2","targetHints":{"allow":["GET"]}}],"collection":[{"href":"https:\/\/blackauroranook.com\/fr\/wp-json\/wp\/v2\/pages"}],"about":[{"href":"https:\/\/blackauroranook.com\/fr\/wp-json\/wp\/v2\/types\/page"}],"author":[{"embeddable":true,"href":"https:\/\/blackauroranook.com\/fr\/wp-json\/wp\/v2\/users\/1"}],"replies":[{"embeddable":true,"href":"https:\/\/blackauroranook.com\/fr\/wp-json\/wp\/v2\/comments?post=2"}],"version-history":[{"count":44,"href":"https:\/\/blackauroranook.com\/fr\/wp-json\/wp\/v2\/pages\/2\/revisions"}],"predecessor-version":[{"id":587,"href":"https:\/\/blackauroranook.com\/fr\/wp-json\/wp\/v2\/pages\/2\/revisions\/587"}],"wp:featuredmedia":[{"embeddable":true,"href":"https:\/\/blackauroranook.com\/fr\/wp-json\/wp\/v2\/media\/24"}],"wp:attachment":[{"href":"https:\/\/blackauroranook.com\/fr\/wp-json\/wp\/v2\/media?parent=2"}],"curies":[{"name":"wp","href":"https:\/\/api.w.org\/{rel}","templated":true}]}}