{"id":283,"date":"2024-08-15T16:18:50","date_gmt":"2024-08-15T16:18:50","guid":{"rendered":"https:\/\/blackauroranook.com\/?page_id=283"},"modified":"2026-03-16T12:29:50","modified_gmt":"2026-03-16T12:29:50","slug":"live","status":"publish","type":"page","link":"https:\/\/blackauroranook.com\/fr\/live\/","title":{"rendered":"Vue en direct de Black Aurora Nook"},"content":{"rendered":"\n<style>\n    .grid-container {\n\n        display: none; \/\/ grid;\n       \n\n        grid-template-columns: 29.6% 40.58% 29.75%;\n        grid-template-rows: 20.4% 60.13% 19.2%;\n        aspect-ratio: 1200 \/ 750;\n      }\n      .window{\n        background-size: cover;\n\n      }\n      .window-top {\n        grid-column-start: 1;\n        grid-column-end: 4;\n\n        grid-row-start: 1;\n        grid-row-end: 1;\n\n        height: 100%; \nz-index: 1;\n        background-image: url(\/wp-content\/uploads\/2024\/08\/S8A3170_transparent.png);\n      }\n      .window-left {\n        grid-column-start: 1;\n        grid-column-end: 1;\n\n        grid-row-start: 2;\n        grid-row-end: 2;\n        background-image: url(\/wp-content\/uploads\/2024\/08\/S8A3170_transparent.png);\n        background-size: 338%;\n        background-position-y: 48%;\n        z-index: 1;\n      }\n      .window-right {\n        grid-column-start: 3;\n        grid-column-end: 4;\n\n        grid-row-start: 2;\n        grid-row-end: 2;\n        background-image: url(\/wp-content\/uploads\/2024\/08\/S8A3170_transparent.png);\n        background-position-y: 52%;\n        background-position-x: 99.9%;\n        background-size: 338%;\n        z-index: 1;\n      }\n      .window-bottom {\n        grid-column-start: 1;\n        grid-column-end: 4;\n\n        grid-row-start: 3;\n        grid-row-end: 4;\n        background-image: url(\/wp-content\/uploads\/2024\/08\/S8A3170_transparent.png);\n        background-position-y: 99.8%;\n        z-index: 1;\n      }\n      .window-middle {\n        grid-column-start: 2;\n        grid-column-end: 3;\n\n        grid-row-start: 2;\n        grid-row-end: 3;\n        display: flex;\n        grid-column-start: 2;\n        grid-column-end: 3;\n        grid-row-start: 2;\n        grid-row-end: 3;\n        align-items: center;\n        justify-content: center;\n      }\n     .iframe-container{\n        height: 100%;\n      }\n      .iframe {\n        border: none;\n        overflow: hidden;\n        height: 100%;\n        aspect-ratio: 1920 \/ 1080;\n    \n      }\n    <\/style>\n  <div class=\"grid-container\">\n\n \n      <div class=\"window window-top\"><\/div>\n      <div class=\"window window-bottom\"><\/div>\n      <div class=\"window window-left\"><\/div>\n      <div class=\"window window-right\"><\/div>\n      <div class=\"window window-middle\">\n<div class=\"iframe-container\">\n       <!-- <iframe\n          src=\"https:\/\/www.youtube.com\/embed\/8tU-VrAZljs?si=wcbrsAIbAa5ulDOT&autoplay=1&controls=0&rel=0&playsinline=1\"\n          title=\"YouTube video player\"\n          frameborder=\"0\"\n          allow=\"accelerometer; autoplay; clipboard-write; encrypted-media; gyroscope; picture-in-picture; web-share\"\n          referrerpolicy=\"strict-origin-when-cross-origin\"\n          allowfullscreen\n          class=\"iframe\"\n        ><\/iframe>-->\n      <\/div><\/div>\n    <\/div>\n\n<div style=\"    aspect-ratio: 1920 \/ 1080;\">\n<!-- <iframe src=\"https:\/\/player.twitch.tv?channel=blackauroranook&parent=blackauroranook.com&referrer=https%3A%2F%2Fblackauroranook.com%2Flive%2F%3Fpreview%3Dtrue\" -->\n<!--\n<iframe style=\"height: 100%; width: 100%\" src=\"https:\/\/www.youtube.com\/embed\/RVYpWi9hF3M?si=I--siXHk4az_hJGc\" title=\"Black Aurora Nook Live\" frameborder=\"0\" allow=\"accelerometer; autoplay; clipboard-write; encrypted-media; gyroscope; picture-in-picture; web-share\" referrerpolicy=\"strict-origin-when-cross-origin\" allowfullscreen><\/iframe>\n-->\n\n<iframe src=\"https:\/\/player.twitch.tv?channel=blackauroranook&#038;parent=blackauroranook.com&#038;referrer=https%3A%2F%2Fblackauroranook.com%2Flive%2F%3Fpreview%3Dtrue\"\n frameborder=\"0\" allowfullscreen=\"true\" scrolling=\"no\"    style=\"height: 100%; width: 100%\"><\/iframe>\n\n<\/div>\n","protected":false},"excerpt":{"rendered":"","protected":false},"author":1,"featured_media":0,"parent":0,"menu_order":0,"comment_status":"closed","ping_status":"closed","template":"","meta":{"footnotes":""},"class_list":["post-283","page","type-page","status-publish","hentry"],"yoast_head":"<!-- This site is optimized with the Yoast SEO plugin v27.5 - https:\/\/yoast.com\/product\/yoast-seo-wordpress\/ -->\n<title>Vue en direct de Black Aurora Nook<\/title>\n<meta name=\"description\" content=\"Enjoy the pristine view of the mountain panorama in real time and, with a bit of luck, the Aurora Borealis.\" \/>\n<meta name=\"robots\" content=\"index, follow, max-snippet:-1, max-image-preview:large, max-video-preview:-1\" \/>\n<link rel=\"canonical\" href=\"https:\/\/blackauroranook.com\/fr\/live\/\" \/>\n<meta property=\"og:locale\" content=\"fr_FR\" \/>\n<meta property=\"og:locale:alternate\" content=\"en_GB\" \/>\n<meta property=\"og:locale:alternate\" content=\"de_DE\" \/>\n<meta property=\"og:type\" content=\"article\" \/>\n<meta property=\"og:title\" content=\"Vue en direct de Black Aurora Nook\" \/>\n<meta property=\"og:description\" content=\"Enjoy the pristine view of the mountain panorama in real time and, with a bit of luck, the Aurora Borealis.\" \/>\n<meta property=\"og:url\" content=\"https:\/\/blackauroranook.com\/fr\/live\/\" \/>\n<meta property=\"og:site_name\" content=\"Black Aurora Nook\" \/>\n<meta property=\"article:modified_time\" content=\"2026-03-16T12:29:50+00:00\" \/>\n<meta name=\"twitter:card\" content=\"summary_large_image\" \/>\n<script type=\"application\/ld+json\" class=\"yoast-schema-graph\">{\"@context\":\"https:\\\/\\\/schema.org\",\"@graph\":[{\"@type\":\"WebPage\",\"@id\":\"https:\\\/\\\/blackauroranook.com\\\/fr\\\/live\\\/\",\"url\":\"https:\\\/\\\/blackauroranook.com\\\/fr\\\/live\\\/\",\"name\":\"Vue en direct de Black Aurora Nook\",\"isPartOf\":{\"@id\":\"https:\\\/\\\/blackauroranook.com\\\/#website\"},\"datePublished\":\"2024-08-15T16:18:50+00:00\",\"dateModified\":\"2026-03-16T12:29:50+00:00\",\"description\":\"Enjoy the pristine view of the mountain panorama in real time and, with a bit of luck, the Aurora Borealis.\",\"breadcrumb\":{\"@id\":\"https:\\\/\\\/blackauroranook.com\\\/fr\\\/live\\\/#breadcrumb\"},\"inLanguage\":\"fr\",\"potentialAction\":[{\"@type\":\"ReadAction\",\"target\":[\"https:\\\/\\\/blackauroranook.com\\\/fr\\\/live\\\/\"]}]},{\"@type\":\"BreadcrumbList\",\"@id\":\"https:\\\/\\\/blackauroranook.com\\\/fr\\\/live\\\/#breadcrumb\",\"itemListElement\":[{\"@type\":\"ListItem\",\"position\":1,\"name\":\"Home\",\"item\":\"https:\\\/\\\/blackauroranook.com\\\/fr\\\/\"},{\"@type\":\"ListItem\",\"position\":2,\"name\":\"Vue en direct de Black Aurora Nook\"}]},{\"@type\":\"WebSite\",\"@id\":\"https:\\\/\\\/blackauroranook.com\\\/#website\",\"url\":\"https:\\\/\\\/blackauroranook.com\\\/\",\"name\":\"Black Aurora Nook\",\"description\":\"Black Aurora Nook est un cottage de vacances architectural, unique et chaleureux, id\u00e9al pour les familles, les couples et les amoureux de la nature\",\"publisher\":{\"@id\":\"https:\\\/\\\/blackauroranook.com\\\/#organization\"},\"potentialAction\":[{\"@type\":\"SearchAction\",\"target\":{\"@type\":\"EntryPoint\",\"urlTemplate\":\"https:\\\/\\\/blackauroranook.com\\\/?s={search_term_string}\"},\"query-input\":{\"@type\":\"PropertyValueSpecification\",\"valueRequired\":true,\"valueName\":\"search_term_string\"}}],\"inLanguage\":\"fr\"},{\"@type\":\"Organization\",\"@id\":\"https:\\\/\\\/blackauroranook.com\\\/#organization\",\"name\":\"Black Aurora Nook\",\"url\":\"https:\\\/\\\/blackauroranook.com\\\/\",\"logo\":{\"@type\":\"ImageObject\",\"inLanguage\":\"fr\",\"@id\":\"https:\\\/\\\/blackauroranook.com\\\/#\\\/schema\\\/logo\\\/image\\\/\",\"url\":\"https:\\\/\\\/blackauroranook.com\\\/wp-content\\\/uploads\\\/2026\\\/03\\\/photo_2025-08-21-11.25.04.jpeg\",\"contentUrl\":\"https:\\\/\\\/blackauroranook.com\\\/wp-content\\\/uploads\\\/2026\\\/03\\\/photo_2025-08-21-11.25.04.jpeg\",\"width\":1024,\"height\":1024,\"caption\":\"Black Aurora Nook\"},\"image\":{\"@id\":\"https:\\\/\\\/blackauroranook.com\\\/#\\\/schema\\\/logo\\\/image\\\/\"},\"sameAs\":[\"https:\\\/\\\/instagram.com\\\/black_aurora_lofoten_islands?igshid=YmMyMTA2M2Y\"]}]}<\/script>\n<!-- \/ Yoast SEO plugin. -->","yoast_head_json":{"title":"Vue en direct de Black Aurora Nook","description":"Enjoy the pristine view of the mountain panorama in real time and, with a bit of luck, the Aurora Borealis.","robots":{"index":"index","follow":"follow","max-snippet":"max-snippet:-1","max-image-preview":"max-image-preview:large","max-video-preview":"max-video-preview:-1"},"canonical":"https:\/\/blackauroranook.com\/fr\/live\/","og_locale":"fr_FR","og_type":"article","og_title":"[:en]Live-view von Black Aurora Nook[:de]Live-Panorama von Black Aurora Nook[:fr]Vue en direct de Black Aurora Nook[:] - Black Aurora Nook","og_description":"[:en]Enjoy the pristine view of the mountain panorama in real time and, with a bit of luck, the Aurora Borealis.[:de]Genie\u00dfen Sie den den unber\u00fchrten Ausblick auf das Bergpanorama in Echtzeit und mit etwas Gl\u00fcck auf die Aurora Borealis.[:]","og_url":"https:\/\/blackauroranook.com\/fr\/live\/","og_site_name":"Black Aurora Nook","article_modified_time":"2026-03-16T12:29:50+00:00","twitter_card":"summary_large_image","schema":{"@context":"https:\/\/schema.org","@graph":[{"@type":"WebPage","@id":"https:\/\/blackauroranook.com\/fr\/live\/","url":"https:\/\/blackauroranook.com\/fr\/live\/","name":"Vue en direct de Black Aurora Nook","isPartOf":{"@id":"https:\/\/blackauroranook.com\/#website"},"datePublished":"2024-08-15T16:18:50+00:00","dateModified":"2026-03-16T12:29:50+00:00","description":"Enjoy the pristine view of the mountain panorama in real time and, with a bit of luck, the Aurora Borealis.","breadcrumb":{"@id":"https:\/\/blackauroranook.com\/fr\/live\/#breadcrumb"},"inLanguage":"fr","potentialAction":[{"@type":"ReadAction","target":["https:\/\/blackauroranook.com\/fr\/live\/"]}]},{"@type":"BreadcrumbList","@id":"https:\/\/blackauroranook.com\/fr\/live\/#breadcrumb","itemListElement":[{"@type":"ListItem","position":1,"name":"Home","item":"https:\/\/blackauroranook.com\/fr\/"},{"@type":"ListItem","position":2,"name":"Vue en direct de Black Aurora Nook"}]},{"@type":"WebSite","@id":"https:\/\/blackauroranook.com\/#website","url":"https:\/\/blackauroranook.com\/","name":"Black Aurora Nook","description":"Black Aurora Nook est un cottage de vacances architectural, unique et chaleureux, id\u00e9al pour les familles, les couples et les amoureux de la nature","publisher":{"@id":"https:\/\/blackauroranook.com\/#organization"},"potentialAction":[{"@type":"SearchAction","target":{"@type":"EntryPoint","urlTemplate":"https:\/\/blackauroranook.com\/?s={search_term_string}"},"query-input":{"@type":"PropertyValueSpecification","valueRequired":true,"valueName":"search_term_string"}}],"inLanguage":"fr"},{"@type":"Organization","@id":"https:\/\/blackauroranook.com\/#organization","name":"Black Aurora Nook","url":"https:\/\/blackauroranook.com\/","logo":{"@type":"ImageObject","inLanguage":"fr","@id":"https:\/\/blackauroranook.com\/#\/schema\/logo\/image\/","url":"https:\/\/blackauroranook.com\/wp-content\/uploads\/2026\/03\/photo_2025-08-21-11.25.04.jpeg","contentUrl":"https:\/\/blackauroranook.com\/wp-content\/uploads\/2026\/03\/photo_2025-08-21-11.25.04.jpeg","width":1024,"height":1024,"caption":"Black Aurora Nook"},"image":{"@id":"https:\/\/blackauroranook.com\/#\/schema\/logo\/image\/"},"sameAs":["https:\/\/instagram.com\/black_aurora_lofoten_islands?igshid=YmMyMTA2M2Y"]}]}},"_links":{"self":[{"href":"https:\/\/blackauroranook.com\/fr\/wp-json\/wp\/v2\/pages\/283","targetHints":{"allow":["GET"]}}],"collection":[{"href":"https:\/\/blackauroranook.com\/fr\/wp-json\/wp\/v2\/pages"}],"about":[{"href":"https:\/\/blackauroranook.com\/fr\/wp-json\/wp\/v2\/types\/page"}],"author":[{"embeddable":true,"href":"https:\/\/blackauroranook.com\/fr\/wp-json\/wp\/v2\/users\/1"}],"replies":[{"embeddable":true,"href":"https:\/\/blackauroranook.com\/fr\/wp-json\/wp\/v2\/comments?post=283"}],"version-history":[{"count":51,"href":"https:\/\/blackauroranook.com\/fr\/wp-json\/wp\/v2\/pages\/283\/revisions"}],"predecessor-version":[{"id":592,"href":"https:\/\/blackauroranook.com\/fr\/wp-json\/wp\/v2\/pages\/283\/revisions\/592"}],"wp:attachment":[{"href":"https:\/\/blackauroranook.com\/fr\/wp-json\/wp\/v2\/media?parent=283"}],"curies":[{"name":"wp","href":"https:\/\/api.w.org\/{rel}","templated":true}]}}