{"id":384,"date":"2024-10-28T13:10:39","date_gmt":"2024-10-28T13:10:39","guid":{"rendered":"https:\/\/blackauroranook.com\/?page_id=384"},"modified":"2026-03-16T13:19:37","modified_gmt":"2026-03-16T13:19:37","slug":"black-aurora-nook","status":"publish","type":"page","link":"https:\/\/blackauroranook.com\/fr\/","title":{"rendered":"Black Aurora Nook"},"content":{"rendered":"\n<p><mark style=\"background-color:rgba(0, 0, 0, 0)\" class=\"has-inline-color has-ti-accent-color\">Votre s\u00e9jour sous des \u00e9toiles scintillantes et des lumi\u00e8res color\u00e9es<\/mark><\/p>\n\n\n\n<figure class=\"wp-block-video\"><video height=\"598\" style=\"aspect-ratio: 1274 \/ 598;\" width=\"1274\" autoplay loop muted src=\"https:\/\/blackauroranook.com\/wp-content\/uploads\/2025\/11\/aurora2.mp4\" playsinline><\/video><\/figure>\n\n\n\n<div class=\"wp-block-group alignfull has-global-padding is-layout-constrained wp-block-group-is-layout-constrained\" style=\"margin-top:0px;margin-bottom:0px;padding-top:48px;padding-bottom:48px\">\n<div class=\"wp-block-columns alignwide is-layout-flex wp-container-core-columns-is-layout-28f84493 wp-block-columns-is-layout-flex\">\n<div class=\"wp-block-column is-vertically-aligned-center is-layout-flow wp-block-column-is-layout-flow\" style=\"flex-basis:50%\">\n<h6 class=\"wp-block-heading has-ti-accent-color has-text-color\" style=\"text-transform:uppercase\"><\/h6>\n\n\n\n<p><\/p>\n\n\n\n<p>Black Aurora Nook est un g\u00eete architectural unique, cosy et chaleureux, id\u00e9al pour les familles, les couples et les amoureux de la nature. Situ\u00e9 entre la haute montagne Higravstinden et le vaste fjord Austnesfjorden, Black Aurora Nook est l\u2019endroit parfait pour d\u00e9couvrir le paysage extraordinaire des \u00eeles Lofoten.<\/p>\n\n\n\n<p>L\u2019architecture exceptionnelle est remarquable et offre diff\u00e9rents espaces pour se retirer, observer et se rassembler. Vous pouvez profiter de l\u2019int\u00e9rieur en bois chaleureux sans manquer les ph\u00e9nom\u00e8nes naturels spectaculaires \u00e0 l\u2019ext\u00e9rieur. Vos aventures commencent ici d\u00e8s maintenant !<\/p>\n\n\n\n<p><\/p>\n\n\n\n<p><\/p>\n\n\n\n<p><\/p>\n\n\n\n<div class=\"wp-block-buttons has-custom-font-size has-normal-font-size is-layout-flex wp-block-buttons-is-layout-flex\">\n<div class=\"wp-block-button has-custom-width wp-block-button__width-100\"><a class=\"wp-block-button__link has-small-font-size has-custom-font-size wp-element-button\" href=\"mailto:stay@blackauroranook.com\" style=\"padding-top:var(--wp--preset--spacing--20);padding-right:var(--wp--preset--spacing--20);padding-bottom:var(--wp--preset--spacing--20);padding-left:var(--wp--preset--spacing--20)\">Contactez-nous<\/a><\/div>\n<\/div>\n\n\n\n<div style=\"height:20px\" aria-hidden=\"true\" class=\"wp-block-spacer\"><\/div>\n<\/div>\n\n\n\n<div class=\"wp-block-column is-layout-flow wp-block-column-is-layout-flow\" style=\"flex-basis:80%\">\n<div style=\"width: 100%; height: 100%; background-image: url('\/wp-content\/uploads\/2023\/03\/outdoor_1.jpg'); min-height:400px; background-size: cover;\n    background-position: 30%;\"><\/div><style>.text-justify{text-align: justify}<\/style>\n<\/div>\n<\/div>\n<\/div>\n","protected":false},"excerpt":{"rendered":"<p>Votre s\u00e9jour sous des \u00e9toiles scintillantes et des lumi\u00e8res color\u00e9es Black Aurora Nook est un g\u00eete architectural unique, cosy et chaleureux, id\u00e9al pour les familles, les couples et les amoureux de la nature. Situ\u00e9 entre la haute montagne Higravstinden et le vaste fjord Austnesfjorden, Black Aurora Nook est l\u2019endroit parfait pour d\u00e9couvrir le paysage extraordinaire [&hellip;]<\/p>\n","protected":false},"author":1,"featured_media":0,"parent":0,"menu_order":0,"comment_status":"closed","ping_status":"closed","template":"","meta":{"footnotes":""},"class_list":["post-384","page","type-page","status-publish","hentry"],"yoast_head":"<!-- This site is optimized with the Yoast SEO plugin v27.5 - https:\/\/yoast.com\/product\/yoast-seo-wordpress\/ -->\n<title>Black Aurora Nook<\/title>\n<meta name=\"robots\" content=\"index, follow, max-snippet:-1, max-image-preview:large, max-video-preview:-1\" \/>\n<link rel=\"canonical\" href=\"https:\/\/blackauroranook.com\/fr\/\" \/>\n<meta property=\"og:locale\" content=\"fr_FR\" \/>\n<meta property=\"og:locale:alternate\" content=\"en_GB\" \/>\n<meta property=\"og:locale:alternate\" content=\"de_DE\" \/>\n<meta property=\"og:type\" content=\"article\" \/>\n<meta property=\"og:title\" content=\"Black Aurora Nook\" \/>\n<meta property=\"og:description\" content=\"Votre s\u00e9jour sous des \u00e9toiles scintillantes et des lumi\u00e8res color\u00e9es Black Aurora Nook est un g\u00eete architectural unique, cosy et chaleureux, id\u00e9al pour les familles, les couples et les amoureux de la nature. Situ\u00e9 entre la haute montagne Higravstinden et le vaste fjord Austnesfjorden, Black Aurora Nook est l\u2019endroit parfait pour d\u00e9couvrir le paysage extraordinaire [&hellip;]\" \/>\n<meta property=\"og:url\" content=\"https:\/\/blackauroranook.com\/fr\/\" \/>\n<meta property=\"og:site_name\" content=\"Black Aurora Nook\" \/>\n<meta property=\"article:modified_time\" content=\"2026-03-16T13:19:37+00:00\" \/>\n<meta name=\"twitter:card\" content=\"summary_large_image\" \/>\n<meta name=\"twitter:label1\" content=\"Dur\u00e9e de lecture estim\u00e9e\" \/>\n\t<meta name=\"twitter:data1\" content=\"1 minute\" \/>\n<script type=\"application\/ld+json\" class=\"yoast-schema-graph\">{\"@context\":\"https:\\\/\\\/schema.org\",\"@graph\":[{\"@type\":\"WebPage\",\"@id\":\"https:\\\/\\\/blackauroranook.com\\\/fr\\\/\",\"url\":\"https:\\\/\\\/blackauroranook.com\\\/fr\\\/\",\"name\":\"Black Aurora Nook\",\"isPartOf\":{\"@id\":\"https:\\\/\\\/blackauroranook.com\\\/#website\"},\"datePublished\":\"2024-10-28T13:10:39+00:00\",\"dateModified\":\"2026-03-16T13:19:37+00:00\",\"breadcrumb\":{\"@id\":\"https:\\\/\\\/blackauroranook.com\\\/fr\\\/#breadcrumb\"},\"inLanguage\":\"fr\",\"potentialAction\":[{\"@type\":\"ReadAction\",\"target\":[\"https:\\\/\\\/blackauroranook.com\\\/fr\\\/\"]}]},{\"@type\":\"BreadcrumbList\",\"@id\":\"https:\\\/\\\/blackauroranook.com\\\/fr\\\/#breadcrumb\",\"itemListElement\":[{\"@type\":\"ListItem\",\"position\":1,\"name\":\"Home\",\"item\":\"https:\\\/\\\/blackauroranook.com\\\/fr\\\/\"},{\"@type\":\"ListItem\",\"position\":2,\"name\":\"Black Aurora Nook\"}]},{\"@type\":\"WebSite\",\"@id\":\"https:\\\/\\\/blackauroranook.com\\\/#website\",\"url\":\"https:\\\/\\\/blackauroranook.com\\\/\",\"name\":\"Black Aurora Nook\",\"description\":\"Black Aurora Nook est un cottage de vacances architectural, unique et chaleureux, id\u00e9al pour les familles, les couples et les amoureux de la nature\",\"publisher\":{\"@id\":\"https:\\\/\\\/blackauroranook.com\\\/#organization\"},\"potentialAction\":[{\"@type\":\"SearchAction\",\"target\":{\"@type\":\"EntryPoint\",\"urlTemplate\":\"https:\\\/\\\/blackauroranook.com\\\/?s={search_term_string}\"},\"query-input\":{\"@type\":\"PropertyValueSpecification\",\"valueRequired\":true,\"valueName\":\"search_term_string\"}}],\"inLanguage\":\"fr\"},{\"@type\":\"Organization\",\"@id\":\"https:\\\/\\\/blackauroranook.com\\\/#organization\",\"name\":\"Black Aurora Nook\",\"url\":\"https:\\\/\\\/blackauroranook.com\\\/\",\"logo\":{\"@type\":\"ImageObject\",\"inLanguage\":\"fr\",\"@id\":\"https:\\\/\\\/blackauroranook.com\\\/#\\\/schema\\\/logo\\\/image\\\/\",\"url\":\"https:\\\/\\\/blackauroranook.com\\\/wp-content\\\/uploads\\\/2026\\\/03\\\/photo_2025-08-21-11.25.04.jpeg\",\"contentUrl\":\"https:\\\/\\\/blackauroranook.com\\\/wp-content\\\/uploads\\\/2026\\\/03\\\/photo_2025-08-21-11.25.04.jpeg\",\"width\":1024,\"height\":1024,\"caption\":\"Black Aurora Nook\"},\"image\":{\"@id\":\"https:\\\/\\\/blackauroranook.com\\\/#\\\/schema\\\/logo\\\/image\\\/\"},\"sameAs\":[\"https:\\\/\\\/instagram.com\\\/black_aurora_lofoten_islands?igshid=YmMyMTA2M2Y\"]}]}<\/script>\n<!-- \/ Yoast SEO plugin. -->","yoast_head_json":{"title":"Black Aurora Nook","robots":{"index":"index","follow":"follow","max-snippet":"max-snippet:-1","max-image-preview":"max-image-preview:large","max-video-preview":"max-video-preview:-1"},"canonical":"https:\/\/blackauroranook.com\/fr\/","og_locale":"fr_FR","og_type":"article","og_title":"[:en]Black Aurora Nook[:de]Black Aurora Nook[:] - Black Aurora Nook","og_description":"Votre s\u00e9jour sous des \u00e9toiles scintillantes et des lumi\u00e8res color\u00e9es Black Aurora Nook est un g\u00eete architectural unique, cosy et chaleureux, id\u00e9al pour les familles, les couples et les amoureux de la nature. Situ\u00e9 entre la haute montagne Higravstinden et le vaste fjord Austnesfjorden, Black Aurora Nook est l\u2019endroit parfait pour d\u00e9couvrir le paysage extraordinaire [&hellip;]","og_url":"https:\/\/blackauroranook.com\/fr\/","og_site_name":"Black Aurora Nook","article_modified_time":"2026-03-16T13:19:37+00:00","twitter_card":"summary_large_image","twitter_misc":{"Dur\u00e9e de lecture estim\u00e9e":"1 minute"},"schema":{"@context":"https:\/\/schema.org","@graph":[{"@type":"WebPage","@id":"https:\/\/blackauroranook.com\/fr\/","url":"https:\/\/blackauroranook.com\/fr\/","name":"Black Aurora Nook","isPartOf":{"@id":"https:\/\/blackauroranook.com\/#website"},"datePublished":"2024-10-28T13:10:39+00:00","dateModified":"2026-03-16T13:19:37+00:00","breadcrumb":{"@id":"https:\/\/blackauroranook.com\/fr\/#breadcrumb"},"inLanguage":"fr","potentialAction":[{"@type":"ReadAction","target":["https:\/\/blackauroranook.com\/fr\/"]}]},{"@type":"BreadcrumbList","@id":"https:\/\/blackauroranook.com\/fr\/#breadcrumb","itemListElement":[{"@type":"ListItem","position":1,"name":"Home","item":"https:\/\/blackauroranook.com\/fr\/"},{"@type":"ListItem","position":2,"name":"Black Aurora Nook"}]},{"@type":"WebSite","@id":"https:\/\/blackauroranook.com\/#website","url":"https:\/\/blackauroranook.com\/","name":"Black Aurora Nook","description":"Black Aurora Nook est un cottage de vacances architectural, unique et chaleureux, id\u00e9al pour les familles, les couples et les amoureux de la nature","publisher":{"@id":"https:\/\/blackauroranook.com\/#organization"},"potentialAction":[{"@type":"SearchAction","target":{"@type":"EntryPoint","urlTemplate":"https:\/\/blackauroranook.com\/?s={search_term_string}"},"query-input":{"@type":"PropertyValueSpecification","valueRequired":true,"valueName":"search_term_string"}}],"inLanguage":"fr"},{"@type":"Organization","@id":"https:\/\/blackauroranook.com\/#organization","name":"Black Aurora Nook","url":"https:\/\/blackauroranook.com\/","logo":{"@type":"ImageObject","inLanguage":"fr","@id":"https:\/\/blackauroranook.com\/#\/schema\/logo\/image\/","url":"https:\/\/blackauroranook.com\/wp-content\/uploads\/2026\/03\/photo_2025-08-21-11.25.04.jpeg","contentUrl":"https:\/\/blackauroranook.com\/wp-content\/uploads\/2026\/03\/photo_2025-08-21-11.25.04.jpeg","width":1024,"height":1024,"caption":"Black Aurora Nook"},"image":{"@id":"https:\/\/blackauroranook.com\/#\/schema\/logo\/image\/"},"sameAs":["https:\/\/instagram.com\/black_aurora_lofoten_islands?igshid=YmMyMTA2M2Y"]}]}},"_links":{"self":[{"href":"https:\/\/blackauroranook.com\/fr\/wp-json\/wp\/v2\/pages\/384","targetHints":{"allow":["GET"]}}],"collection":[{"href":"https:\/\/blackauroranook.com\/fr\/wp-json\/wp\/v2\/pages"}],"about":[{"href":"https:\/\/blackauroranook.com\/fr\/wp-json\/wp\/v2\/types\/page"}],"author":[{"embeddable":true,"href":"https:\/\/blackauroranook.com\/fr\/wp-json\/wp\/v2\/users\/1"}],"replies":[{"embeddable":true,"href":"https:\/\/blackauroranook.com\/fr\/wp-json\/wp\/v2\/comments?post=384"}],"version-history":[{"count":21,"href":"https:\/\/blackauroranook.com\/fr\/wp-json\/wp\/v2\/pages\/384\/revisions"}],"predecessor-version":[{"id":619,"href":"https:\/\/blackauroranook.com\/fr\/wp-json\/wp\/v2\/pages\/384\/revisions\/619"}],"wp:attachment":[{"href":"https:\/\/blackauroranook.com\/fr\/wp-json\/wp\/v2\/media?parent=384"}],"curies":[{"name":"wp","href":"https:\/\/api.w.org\/{rel}","templated":true}]}}