{"id":491,"date":"2025-10-15T12:36:08","date_gmt":"2025-10-15T12:36:08","guid":{"rendered":"https:\/\/blackauroranook.com\/en\/?page_id=491"},"modified":"2026-03-16T12:44:55","modified_gmt":"2026-03-16T12:44:55","slug":"buchungsanfrage","status":"publish","type":"page","link":"https:\/\/blackauroranook.com\/fr\/buchungsanfrage\/","title":{"rendered":"Demande de r\u00e9servation"},"content":{"rendered":"\n<p>\u00ab Vous pouvez m\u2019envoyer ici une demande de r\u00e9servation sans engagement<\/p>\n\n\n\n<p>En alternative au formulaire, vous pouvez \u00e9galement m\u2019envoyer un e-mail:<a href=\"stay@blackauroranook.com\">stay@blackauroranook.com<\/a><\/p>\n\n\n<style id=\"wpforms-css-vars-597-block-f74d73e0-8854-4601-9054-019c3f7f7dfe\">\n\t\t\t\t#wpforms-597.wpforms-block-f74d73e0-8854-4601-9054-019c3f7f7dfe {\n\t\t\t\t--wpforms-label-color: #ffffff;\n--wpforms-label-sublabel-color: #d9d9d9;\n--wpforms-field-border-color: rgba(0, 0, 0, 0.25);\n--wpforms-field-border-color-spare: rgba(0, 0, 0, 0.25);\n--wpforms-field-text-color: rgba(0, 0, 0, 0.7);\n--wpforms-button-background-color: #a7c969;\n--wpforms-background-color: ;\n--wpforms-field-size-input-height: 43px;\n--wpforms-field-size-input-spacing: 15px;\n--wpforms-field-size-font-size: 16px;\n--wpforms-field-size-line-height: 19px;\n--wpforms-field-size-padding-h: 14px;\n--wpforms-field-size-checkbox-size: 16px;\n--wpforms-field-size-sublabel-spacing: 5px;\n--wpforms-field-size-icon-size: 1;\n--wpforms-label-size-font-size: 16px;\n--wpforms-label-size-line-height: 19px;\n--wpforms-label-size-sublabel-font-size: 14px;\n--wpforms-label-size-sublabel-line-height: 17px;\n--wpforms-button-size-font-size: 17px;\n--wpforms-button-size-height: 41px;\n--wpforms-button-size-padding-h: 15px;\n--wpforms-button-size-margin-top: 10px;\n--wpforms-container-shadow-size-box-shadow: none;\n\t\t\t}\n\t\t\t<\/style><div class=\"wpforms-container wpforms-container-full wpforms-block wpforms-block-f74d73e0-8854-4601-9054-019c3f7f7dfe wpforms-render-modern\" id=\"wpforms-597\"><form id=\"wpforms-form-597\" class=\"wpforms-validate wpforms-form wpforms-ajax-form\" data-formid=\"597\" method=\"post\" enctype=\"multipart\/form-data\" action=\"\/fr\/wp-json\/wp\/v2\/pages\/491\" data-token=\"1cd2ad1e33a10418625bdd672ab3992e\" data-token-time=\"1777862409\"><noscript class=\"wpforms-error-noscript\">Veuillez activer JavaScript dans votre navigateur pour remplir ce formulaire.<\/noscript><div id=\"wpforms-error-noscript\" style=\"display: none;\">Veuillez activer JavaScript dans votre navigateur pour remplir ce formulaire.<\/div><div class=\"wpforms-field-container\"><div id=\"wpforms-597-field_2-container\" class=\"wpforms-field wpforms-field-name\" data-field-id=\"2\"><fieldset><legend class=\"wpforms-field-label\">Nom <span class=\"wpforms-required-label\" aria-hidden=\"true\">*<\/span><\/legend><div class=\"wpforms-field-row wpforms-field-medium\"><div class=\"wpforms-field-row-block wpforms-first wpforms-one-half\"><input type=\"text\" id=\"wpforms-597-field_2\" class=\"wpforms-field-name-first wpforms-field-required\" name=\"wpforms[fields][2][first]\" aria-errormessage=\"wpforms-597-field_2-error\" required><label for=\"wpforms-597-field_2\" class=\"wpforms-field-sublabel after\">Pr\u00e9nom<\/label><\/div><div class=\"wpforms-field-row-block wpforms-one-half\"><input type=\"text\" id=\"wpforms-597-field_2-last\" class=\"wpforms-field-name-last wpforms-field-required\" name=\"wpforms[fields][2][last]\" aria-errormessage=\"wpforms-597-field_2-last-error\" required><label for=\"wpforms-597-field_2-last\" class=\"wpforms-field-sublabel after\">Nom<\/label><\/div><\/div><\/fieldset><\/div><div id=\"wpforms-597-field_3-container\" class=\"wpforms-field wpforms-field-email\" data-field-id=\"3\"><label class=\"wpforms-field-label\" for=\"wpforms-597-field_3\">Adresse e-mail <span class=\"wpforms-required-label\" aria-hidden=\"true\">*<\/span><\/label><input type=\"email\" id=\"wpforms-597-field_3\" class=\"wpforms-field-medium wpforms-field-required\" name=\"wpforms[fields][3]\" spellcheck=\"false\" aria-errormessage=\"wpforms-597-field_3-error\" aria-describedby=\"wpforms-597-field_3-description\" required><div id=\"wpforms-597-field_3-description\" class=\"wpforms-field-description\">Comment puis-je vous contacter ?<\/div><\/div>\t\t<div id=\"wpforms-597-field_1-container\"\n\t\t\tclass=\"wpforms-field wpforms-field-text\"\n\t\t\tdata-field-type=\"text\"\n\t\t\tdata-field-id=\"1\"\n\t\t\t>\n\t\t\t<label class=\"wpforms-field-label\" for=\"wpforms-597-field_1\" >date informations e-mail<\/label>\n\t\t\t<input type=\"text\" id=\"wpforms-597-field_1\" class=\"wpforms-field-medium\" name=\"wpforms[fields][1]\" >\n\t\t<\/div>\n\t\t<div id=\"wpforms-597-field_13-container\" class=\"wpforms-field wpforms-field-phone\" data-field-id=\"13\"><label class=\"wpforms-field-label\" for=\"wpforms-597-field_13\">Num\u00e9ro de t\u00e9l\u00e9phone<\/label><input type=\"tel\" id=\"wpforms-597-field_13\" class=\"wpforms-field-medium wpforms-smart-phone-field\" data-rule-smart-phone-field=\"true\" name=\"wpforms[fields][13]\" aria-label=\"Num\u00e9ro de t\u00e9l\u00e9phone\" aria-errormessage=\"wpforms-597-field_13-error\" ><\/div><div id=\"wpforms-597-field_4-container\" class=\"wpforms-field wpforms-field-number-slider\" data-field-id=\"4\"><label class=\"wpforms-field-label\" for=\"wpforms-597-field_4\">Nombre de personnes<\/label>\n<input\n\ttype=\"range\"\n\tid=\"wpforms-597-field_4\" class=\"wpforms-field-medium\" name=\"wpforms[fields][4]\" value=\"2\" aria-errormessage=\"wpforms-597-field_4-error\" aria-describedby=\"wpforms-597-field_4-description\"\t\tmin=\"1\"\n\tmax=\"6\"\n\tstep=\"1\">\n\n<div class=\"wpforms-field-number-slider-hint\"\n\tdata-hint=\"Gew\u00e4hlter Wert: {value}\">\n\tGew\u00e4hlter Wert: <b>2<\/b><\/div>\n<div id=\"wpforms-597-field_4-description\" class=\"wpforms-field-description\">Combien de personnes \u00eates-vous ?<\/div><\/div><div id=\"wpforms-597-field_10-container\" class=\"wpforms-field wpforms-field-date-time\" data-field-id=\"10\"><label class=\"wpforms-field-label\" for=\"wpforms-597-field_10\">\u00c0 partir de quelle date ? <span class=\"wpforms-required-label\" aria-hidden=\"true\">*<\/span><\/label><div class=\"wpforms-datepicker-wrap\"><input type=\"text\" id=\"wpforms-597-field_10\" class=\"wpforms-field-date-time-date wpforms-datepicker wpforms-field-required wpforms-field-medium\" data-date-format=\"d\/m\/Y\" data-disable-past-dates=\"1\" data-disable-todays-date=\"0\" data-input=\"true\" name=\"wpforms[fields][10][date]\" aria-errormessage=\"wpforms-597-field_10-error\" aria-describedby=\"wpforms-597-field_10-description\" required><a title=\"Effacer la date\" data-clear role=\"button\" tabindex=\"0\" class=\"wpforms-datepicker-clear\" aria-label=\"Effacer la date\" style=\"display:none;\"><\/a><\/div><div id=\"wpforms-597-field_10-description\" class=\"wpforms-field-description\">Quand souhaitez-vous d\u00e9buter votre s\u00e9jour ?\nVous pouvez \u00e9galement consulter directement le calendrier sous la rubrique \u00ab Infos \u00bb pour v\u00e9rifier si le chalet est disponible \u00e0 vos dates souhait\u00e9es.<\/div><\/div><div id=\"wpforms-597-field_11-container\" class=\"wpforms-field wpforms-field-number-slider\" data-field-id=\"11\"><label class=\"wpforms-field-label\" for=\"wpforms-597-field_11\">Nombre de nuits<\/label>\n<input\n\ttype=\"range\"\n\tid=\"wpforms-597-field_11\" class=\"wpforms-field-medium\" name=\"wpforms[fields][11]\" value=\"4\" aria-errormessage=\"wpforms-597-field_11-error\" aria-describedby=\"wpforms-597-field_11-description\"\t\tmin=\"4\"\n\tmax=\"30\"\n\tstep=\"1\">\n\n<div class=\"wpforms-field-number-slider-hint\"\n\tdata-hint=\"Gew\u00e4hlter Wert: {value}\">\n\tGew\u00e4hlter Wert: <b>4<\/b><\/div>\n<div id=\"wpforms-597-field_11-description\" class=\"wpforms-field-description\">Combien de nuits pr\u00e9voyez-vous de rester ?<\/div><\/div><div id=\"wpforms-597-field_12-container\" class=\"wpforms-field wpforms-field-radio\" data-field-id=\"12\"><fieldset><legend class=\"wpforms-field-label\">Votre chien vous accompagne-t-il ?<\/legend><ul id=\"wpforms-597-field_12\"><li class=\"choice-1 depth-1\"><input type=\"radio\" id=\"wpforms-597-field_12_1\" name=\"wpforms[fields][12]\" value=\"Bien s\u00fbr !\" aria-errormessage=\"wpforms-597-field_12_1-error\"  ><label class=\"wpforms-field-label-inline\" for=\"wpforms-597-field_12_1\">Bien s\u00fbr !<\/label><\/li><li class=\"choice-3 depth-1\"><input type=\"radio\" id=\"wpforms-597-field_12_3\" name=\"wpforms[fields][12]\" value=\"Malheureusement non\" aria-errormessage=\"wpforms-597-field_12_3-error\"  ><label class=\"wpforms-field-label-inline\" for=\"wpforms-597-field_12_3\">Malheureusement non<\/label><\/li><\/ul><\/fieldset><\/div><div id=\"wpforms-597-field_7-container\" class=\"wpforms-field wpforms-field-textarea\" data-field-id=\"7\"><label class=\"wpforms-field-label\" for=\"wpforms-597-field_7\">Texte suppl\u00e9mentaire \/ informations compl\u00e9mentaires<\/label><textarea id=\"wpforms-597-field_7\" class=\"wpforms-field-medium\" name=\"wpforms[fields][7]\" aria-errormessage=\"wpforms-597-field_7-error\" ><\/textarea><\/div><script>\n\t\t\t\t( function() {\n\t\t\t\t\tconst style = document.createElement( 'style' );\n\t\t\t\t\tstyle.appendChild( document.createTextNode( '#wpforms-597-field_1-container { position: absolute !important; overflow: hidden !important; display: inline !important; height: 1px !important; width: 1px !important; z-index: -1000 !important; padding: 0 !important; } #wpforms-597-field_1-container input { visibility: hidden; } #wpforms-conversational-form-page #wpforms-597-field_1-container label { counter-increment: none; }' ) );\n\t\t\t\t\tdocument.head.appendChild( style );\n\t\t\t\t\tdocument.currentScript?.remove();\n\t\t\t\t} )();\n\t\t\t<\/script><\/div><!-- .wpforms-field-container --><div class=\"wpforms-submit-container\" ><input type=\"hidden\" name=\"wpforms[id]\" value=\"597\"><input type=\"hidden\" name=\"page_title\" value=\"\"><input type=\"hidden\" name=\"page_url\" value=\"https:\/\/blackauroranook.com\/fr\/wp-json\/wp\/v2\/pages\/491\"><input type=\"hidden\" name=\"url_referer\" value=\"\"><button type=\"submit\" name=\"wpforms[submit]\" id=\"wpforms-submit-597\" class=\"wpforms-submit\" data-alt-text=\"Wird gesendet\u00a0\u2026\" data-submit-text=\"Absenden\" aria-live=\"assertive\" value=\"wpforms-submit\">Absenden<\/button><img loading=\"lazy\" decoding=\"async\" src=\"https:\/\/blackauroranook.com\/wp-content\/plugins\/wpforms\/assets\/images\/submit-spin.svg\" class=\"wpforms-submit-spinner\" style=\"display: none;\" width=\"26\" height=\"26\" alt=\"Chargement en cours\"><\/div><\/form><\/div>  <!-- .wpforms-container -->","protected":false},"excerpt":{"rendered":"<p>\u00ab Vous pouvez m\u2019envoyer ici une demande de r\u00e9servation sans engagement En alternative au formulaire, vous pouvez \u00e9galement m\u2019envoyer un e-mail:stay@blackauroranook.com<\/p>\n","protected":false},"author":1,"featured_media":0,"parent":0,"menu_order":0,"comment_status":"closed","ping_status":"closed","template":"","meta":{"footnotes":""},"class_list":["post-491","page","type-page","status-publish","hentry"],"yoast_head":"<!-- This site is optimized with the Yoast SEO plugin v27.5 - https:\/\/yoast.com\/product\/yoast-seo-wordpress\/ -->\n<title>Demande de r\u00e9servation<\/title>\n<meta name=\"robots\" content=\"index, follow, max-snippet:-1, max-image-preview:large, max-video-preview:-1\" \/>\n<link rel=\"canonical\" href=\"https:\/\/blackauroranook.com\/fr\/buchungsanfrage\/\" \/>\n<meta property=\"og:locale\" content=\"fr_FR\" \/>\n<meta property=\"og:locale:alternate\" content=\"en_GB\" \/>\n<meta property=\"og:locale:alternate\" content=\"de_DE\" \/>\n<meta property=\"og:type\" content=\"article\" \/>\n<meta property=\"og:title\" content=\"Demande de r\u00e9servation\" \/>\n<meta property=\"og:description\" content=\"\u00ab Vous pouvez m\u2019envoyer ici une demande de r\u00e9servation sans engagement En alternative au formulaire, vous pouvez \u00e9galement m\u2019envoyer un e-mail:stay@blackauroranook.com\" \/>\n<meta property=\"og:url\" content=\"https:\/\/blackauroranook.com\/fr\/buchungsanfrage\/\" \/>\n<meta property=\"og:site_name\" content=\"Black Aurora Nook\" \/>\n<meta property=\"article:modified_time\" content=\"2026-03-16T12:44:55+00:00\" \/>\n<meta name=\"twitter:card\" content=\"summary_large_image\" \/>\n<meta name=\"twitter:label1\" content=\"Dur\u00e9e de lecture estim\u00e9e\" \/>\n\t<meta name=\"twitter:data1\" content=\"1 minute\" \/>\n<script type=\"application\/ld+json\" class=\"yoast-schema-graph\">{\"@context\":\"https:\\\/\\\/schema.org\",\"@graph\":[{\"@type\":\"WebPage\",\"@id\":\"https:\\\/\\\/blackauroranook.com\\\/fr\\\/buchungsanfrage\\\/\",\"url\":\"https:\\\/\\\/blackauroranook.com\\\/fr\\\/buchungsanfrage\\\/\",\"name\":\"Demande de r\u00e9servation\",\"isPartOf\":{\"@id\":\"https:\\\/\\\/blackauroranook.com\\\/#website\"},\"datePublished\":\"2025-10-15T12:36:08+00:00\",\"dateModified\":\"2026-03-16T12:44:55+00:00\",\"breadcrumb\":{\"@id\":\"https:\\\/\\\/blackauroranook.com\\\/fr\\\/buchungsanfrage\\\/#breadcrumb\"},\"inLanguage\":\"fr\",\"potentialAction\":[{\"@type\":\"ReadAction\",\"target\":[\"https:\\\/\\\/blackauroranook.com\\\/fr\\\/buchungsanfrage\\\/\"]}]},{\"@type\":\"BreadcrumbList\",\"@id\":\"https:\\\/\\\/blackauroranook.com\\\/fr\\\/buchungsanfrage\\\/#breadcrumb\",\"itemListElement\":[{\"@type\":\"ListItem\",\"position\":1,\"name\":\"Home\",\"item\":\"https:\\\/\\\/blackauroranook.com\\\/fr\\\/\"},{\"@type\":\"ListItem\",\"position\":2,\"name\":\"Demande de r\u00e9servation\"}]},{\"@type\":\"WebSite\",\"@id\":\"https:\\\/\\\/blackauroranook.com\\\/#website\",\"url\":\"https:\\\/\\\/blackauroranook.com\\\/\",\"name\":\"Black Aurora Nook\",\"description\":\"Black Aurora Nook est un cottage de vacances architectural, unique et chaleureux, id\u00e9al pour les familles, les couples et les amoureux de la nature\",\"publisher\":{\"@id\":\"https:\\\/\\\/blackauroranook.com\\\/#organization\"},\"potentialAction\":[{\"@type\":\"SearchAction\",\"target\":{\"@type\":\"EntryPoint\",\"urlTemplate\":\"https:\\\/\\\/blackauroranook.com\\\/?s={search_term_string}\"},\"query-input\":{\"@type\":\"PropertyValueSpecification\",\"valueRequired\":true,\"valueName\":\"search_term_string\"}}],\"inLanguage\":\"fr\"},{\"@type\":\"Organization\",\"@id\":\"https:\\\/\\\/blackauroranook.com\\\/#organization\",\"name\":\"Black Aurora Nook\",\"url\":\"https:\\\/\\\/blackauroranook.com\\\/\",\"logo\":{\"@type\":\"ImageObject\",\"inLanguage\":\"fr\",\"@id\":\"https:\\\/\\\/blackauroranook.com\\\/#\\\/schema\\\/logo\\\/image\\\/\",\"url\":\"https:\\\/\\\/blackauroranook.com\\\/wp-content\\\/uploads\\\/2026\\\/03\\\/photo_2025-08-21-11.25.04.jpeg\",\"contentUrl\":\"https:\\\/\\\/blackauroranook.com\\\/wp-content\\\/uploads\\\/2026\\\/03\\\/photo_2025-08-21-11.25.04.jpeg\",\"width\":1024,\"height\":1024,\"caption\":\"Black Aurora Nook\"},\"image\":{\"@id\":\"https:\\\/\\\/blackauroranook.com\\\/#\\\/schema\\\/logo\\\/image\\\/\"},\"sameAs\":[\"https:\\\/\\\/instagram.com\\\/black_aurora_lofoten_islands?igshid=YmMyMTA2M2Y\"]}]}<\/script>\n<!-- \/ Yoast SEO plugin. -->","yoast_head_json":{"title":"Demande de r\u00e9servation","robots":{"index":"index","follow":"follow","max-snippet":"max-snippet:-1","max-image-preview":"max-image-preview:large","max-video-preview":"max-video-preview:-1"},"canonical":"https:\/\/blackauroranook.com\/fr\/buchungsanfrage\/","og_locale":"fr_FR","og_type":"article","og_title":"[:en]Bookingrequest[:de]Buchungsanfrage[:fr]Demande de r\u00e9servation[:] - Black Aurora Nook","og_description":"\u00ab Vous pouvez m\u2019envoyer ici une demande de r\u00e9servation sans engagement En alternative au formulaire, vous pouvez \u00e9galement m\u2019envoyer un e-mail:stay@blackauroranook.com","og_url":"https:\/\/blackauroranook.com\/fr\/buchungsanfrage\/","og_site_name":"Black Aurora Nook","article_modified_time":"2026-03-16T12:44:55+00:00","twitter_card":"summary_large_image","twitter_misc":{"Dur\u00e9e de lecture estim\u00e9e":"1 minute"},"schema":{"@context":"https:\/\/schema.org","@graph":[{"@type":"WebPage","@id":"https:\/\/blackauroranook.com\/fr\/buchungsanfrage\/","url":"https:\/\/blackauroranook.com\/fr\/buchungsanfrage\/","name":"Demande de r\u00e9servation","isPartOf":{"@id":"https:\/\/blackauroranook.com\/#website"},"datePublished":"2025-10-15T12:36:08+00:00","dateModified":"2026-03-16T12:44:55+00:00","breadcrumb":{"@id":"https:\/\/blackauroranook.com\/fr\/buchungsanfrage\/#breadcrumb"},"inLanguage":"fr","potentialAction":[{"@type":"ReadAction","target":["https:\/\/blackauroranook.com\/fr\/buchungsanfrage\/"]}]},{"@type":"BreadcrumbList","@id":"https:\/\/blackauroranook.com\/fr\/buchungsanfrage\/#breadcrumb","itemListElement":[{"@type":"ListItem","position":1,"name":"Home","item":"https:\/\/blackauroranook.com\/fr\/"},{"@type":"ListItem","position":2,"name":"Demande de r\u00e9servation"}]},{"@type":"WebSite","@id":"https:\/\/blackauroranook.com\/#website","url":"https:\/\/blackauroranook.com\/","name":"Black Aurora Nook","description":"Black Aurora Nook est un cottage de vacances architectural, unique et chaleureux, id\u00e9al pour les familles, les couples et les amoureux de la nature","publisher":{"@id":"https:\/\/blackauroranook.com\/#organization"},"potentialAction":[{"@type":"SearchAction","target":{"@type":"EntryPoint","urlTemplate":"https:\/\/blackauroranook.com\/?s={search_term_string}"},"query-input":{"@type":"PropertyValueSpecification","valueRequired":true,"valueName":"search_term_string"}}],"inLanguage":"fr"},{"@type":"Organization","@id":"https:\/\/blackauroranook.com\/#organization","name":"Black Aurora Nook","url":"https:\/\/blackauroranook.com\/","logo":{"@type":"ImageObject","inLanguage":"fr","@id":"https:\/\/blackauroranook.com\/#\/schema\/logo\/image\/","url":"https:\/\/blackauroranook.com\/wp-content\/uploads\/2026\/03\/photo_2025-08-21-11.25.04.jpeg","contentUrl":"https:\/\/blackauroranook.com\/wp-content\/uploads\/2026\/03\/photo_2025-08-21-11.25.04.jpeg","width":1024,"height":1024,"caption":"Black Aurora Nook"},"image":{"@id":"https:\/\/blackauroranook.com\/#\/schema\/logo\/image\/"},"sameAs":["https:\/\/instagram.com\/black_aurora_lofoten_islands?igshid=YmMyMTA2M2Y"]}]}},"_links":{"self":[{"href":"https:\/\/blackauroranook.com\/fr\/wp-json\/wp\/v2\/pages\/491","targetHints":{"allow":["GET"]}}],"collection":[{"href":"https:\/\/blackauroranook.com\/fr\/wp-json\/wp\/v2\/pages"}],"about":[{"href":"https:\/\/blackauroranook.com\/fr\/wp-json\/wp\/v2\/types\/page"}],"author":[{"embeddable":true,"href":"https:\/\/blackauroranook.com\/fr\/wp-json\/wp\/v2\/users\/1"}],"replies":[{"embeddable":true,"href":"https:\/\/blackauroranook.com\/fr\/wp-json\/wp\/v2\/comments?post=491"}],"version-history":[{"count":8,"href":"https:\/\/blackauroranook.com\/fr\/wp-json\/wp\/v2\/pages\/491\/revisions"}],"predecessor-version":[{"id":601,"href":"https:\/\/blackauroranook.com\/fr\/wp-json\/wp\/v2\/pages\/491\/revisions\/601"}],"wp:attachment":[{"href":"https:\/\/blackauroranook.com\/fr\/wp-json\/wp\/v2\/media?parent=491"}],"curies":[{"name":"wp","href":"https:\/\/api.w.org\/{rel}","templated":true}]}}