{"id":88,"date":"2023-03-08T10:53:08","date_gmt":"2023-03-08T10:53:08","guid":{"rendered":"https:\/\/blackauroranook.com\/?page_id=88"},"modified":"2026-03-16T12:23:28","modified_gmt":"2026-03-16T12:23:28","slug":"indoor","status":"publish","type":"page","link":"https:\/\/blackauroranook.com\/fr\/indoor\/","title":{"rendered":"Int\u00e9rieur"},"content":{"rendered":"\n<p><strong>Black Aurora Nook offre un espace pour se d\u00e9tendre et se sentir chez soi au c\u0153ur du cadre naturel des \u00eeles Lofoten. Sur 65 m\u00b2, vous trouverez un salon ouvert avec cuisine et table \u00e0 manger donnant sur le fjord Austnes, ainsi que deux chambres avec salle de bain luxueuse offrant vue sur la plus haute montagne des Lofoten. Un escalier en bois depuis la chambre principale m\u00e8ne \u00e0 la galerie avec une grande banquette devant la fen\u00eatre, id\u00e9ale pour observer les aurores bor\u00e9ales, les aigles de mer ou simplement lire un livre avec une vue fantastique. La deuxi\u00e8me galerie est accessible par une \u00e9chelle en bois et abrite un autre lit pour enfants.<\/strong><\/p>\n\n\n\n<p><strong>Tous les meubles sont fabriqu\u00e9s \u00e0 la main par un artisan local en bois non trait\u00e9. Un \u00e9l\u00e9ment particuli\u00e8rement remarquable est la porte coulissante en bois de 3 m\u00e8tres de haut, faite \u00e0 la main, s\u00e9parant la salle \u00e0 manger de la chambre principale.<\/strong><\/p>\n\n\n\n<p><strong>Dans notre chalet en bois, il est facile de se sentir \u00e0 l\u2019aise : un po\u00eale \u00e0 bois et un chauffage au sol dans les chambres vous r\u00e9chauffent m\u00eame les jours froids et pluvieux.<\/strong><\/p>\n\n\n\n<div class=\"wp-block-group is-vertical is-layout-flex wp-container-core-group-is-layout-fe9cc265 wp-block-group-is-layout-flex\">\n<figure class=\"wp-block-image size-large\"><img loading=\"lazy\" decoding=\"async\" width=\"1024\" height=\"683\" src=\"https:\/\/blackauroranook.com\/wp-content\/uploads\/2023\/03\/IMG_2488-1024x683.jpg\" alt=\"\" class=\"wp-image-150\" srcset=\"https:\/\/blackauroranook.com\/wp-content\/uploads\/2023\/03\/IMG_2488-1024x683.jpg 1024w, https:\/\/blackauroranook.com\/wp-content\/uploads\/2023\/03\/IMG_2488-300x200.jpg 300w, https:\/\/blackauroranook.com\/wp-content\/uploads\/2023\/03\/IMG_2488-768x512.jpg 768w, https:\/\/blackauroranook.com\/wp-content\/uploads\/2023\/03\/IMG_2488-1536x1024.jpg 1536w, https:\/\/blackauroranook.com\/wp-content\/uploads\/2023\/03\/IMG_2488-2048x1366.jpg 2048w\" sizes=\"auto, (max-width: 1024px) 100vw, 1024px\" \/><\/figure>\n\n\n\n<figure class=\"wp-block-image size-large\"><img loading=\"lazy\" decoding=\"async\" width=\"1024\" height=\"683\" src=\"https:\/\/blackauroranook.com\/wp-content\/uploads\/2023\/02\/C4288839-344D-468B-806B-B7015A8C257A-1024x683.jpeg\" alt=\"\" class=\"wp-image-30\" srcset=\"https:\/\/blackauroranook.com\/wp-content\/uploads\/2023\/02\/C4288839-344D-468B-806B-B7015A8C257A-1024x683.jpeg 1024w, https:\/\/blackauroranook.com\/wp-content\/uploads\/2023\/02\/C4288839-344D-468B-806B-B7015A8C257A-300x200.jpeg 300w, https:\/\/blackauroranook.com\/wp-content\/uploads\/2023\/02\/C4288839-344D-468B-806B-B7015A8C257A-768x512.jpeg 768w, https:\/\/blackauroranook.com\/wp-content\/uploads\/2023\/02\/C4288839-344D-468B-806B-B7015A8C257A-1536x1024.jpeg 1536w, https:\/\/blackauroranook.com\/wp-content\/uploads\/2023\/02\/C4288839-344D-468B-806B-B7015A8C257A-2048x1365.jpeg 2048w\" sizes=\"auto, (max-width: 1024px) 100vw, 1024px\" \/><\/figure>\n\n\n\n<figure class=\"wp-block-image size-large\"><img loading=\"lazy\" decoding=\"async\" width=\"1024\" height=\"683\" src=\"https:\/\/blackauroranook.com\/wp-content\/uploads\/2023\/03\/IMG_2491-1024x683.jpg\" alt=\"\" class=\"wp-image-151\" srcset=\"https:\/\/blackauroranook.com\/wp-content\/uploads\/2023\/03\/IMG_2491-1024x683.jpg 1024w, https:\/\/blackauroranook.com\/wp-content\/uploads\/2023\/03\/IMG_2491-300x200.jpg 300w, https:\/\/blackauroranook.com\/wp-content\/uploads\/2023\/03\/IMG_2491-768x512.jpg 768w, https:\/\/blackauroranook.com\/wp-content\/uploads\/2023\/03\/IMG_2491-1536x1024.jpg 1536w, https:\/\/blackauroranook.com\/wp-content\/uploads\/2023\/03\/IMG_2491-2048x1366.jpg 2048w\" sizes=\"auto, (max-width: 1024px) 100vw, 1024px\" \/><\/figure>\n\n\n\n<figure class=\"wp-block-image size-large\"><img loading=\"lazy\" decoding=\"async\" width=\"1024\" height=\"683\" src=\"https:\/\/blackauroranook.com\/wp-content\/uploads\/2023\/03\/IMG_2496-1024x683.jpg\" alt=\"\" class=\"wp-image-154\" srcset=\"https:\/\/blackauroranook.com\/wp-content\/uploads\/2023\/03\/IMG_2496-1024x683.jpg 1024w, https:\/\/blackauroranook.com\/wp-content\/uploads\/2023\/03\/IMG_2496-300x200.jpg 300w, https:\/\/blackauroranook.com\/wp-content\/uploads\/2023\/03\/IMG_2496-768x512.jpg 768w, https:\/\/blackauroranook.com\/wp-content\/uploads\/2023\/03\/IMG_2496-1536x1024.jpg 1536w, https:\/\/blackauroranook.com\/wp-content\/uploads\/2023\/03\/IMG_2496-2048x1366.jpg 2048w\" sizes=\"auto, (max-width: 1024px) 100vw, 1024px\" \/><\/figure>\n\n\n\n<figure class=\"wp-block-image size-large\"><img loading=\"lazy\" decoding=\"async\" width=\"1024\" height=\"683\" src=\"https:\/\/blackauroranook.com\/wp-content\/uploads\/2023\/02\/F1BD8B71-9A71-4AAF-B353-442FC3BDE73A-1024x683.jpeg\" alt=\"\" class=\"wp-image-33\" srcset=\"https:\/\/blackauroranook.com\/wp-content\/uploads\/2023\/02\/F1BD8B71-9A71-4AAF-B353-442FC3BDE73A-1024x683.jpeg 1024w, https:\/\/blackauroranook.com\/wp-content\/uploads\/2023\/02\/F1BD8B71-9A71-4AAF-B353-442FC3BDE73A-300x200.jpeg 300w, https:\/\/blackauroranook.com\/wp-content\/uploads\/2023\/02\/F1BD8B71-9A71-4AAF-B353-442FC3BDE73A-768x512.jpeg 768w, https:\/\/blackauroranook.com\/wp-content\/uploads\/2023\/02\/F1BD8B71-9A71-4AAF-B353-442FC3BDE73A-1536x1024.jpeg 1536w, https:\/\/blackauroranook.com\/wp-content\/uploads\/2023\/02\/F1BD8B71-9A71-4AAF-B353-442FC3BDE73A-2048x1365.jpeg 2048w\" sizes=\"auto, (max-width: 1024px) 100vw, 1024px\" \/><\/figure>\n\n\n\n<figure class=\"wp-block-image size-large\"><img loading=\"lazy\" decoding=\"async\" width=\"1024\" height=\"683\" src=\"https:\/\/blackauroranook.com\/wp-content\/uploads\/2023\/03\/IMG_2494-1024x683.jpg\" alt=\"\" class=\"wp-image-152\" srcset=\"https:\/\/blackauroranook.com\/wp-content\/uploads\/2023\/03\/IMG_2494-1024x683.jpg 1024w, https:\/\/blackauroranook.com\/wp-content\/uploads\/2023\/03\/IMG_2494-300x200.jpg 300w, https:\/\/blackauroranook.com\/wp-content\/uploads\/2023\/03\/IMG_2494-768x512.jpg 768w, https:\/\/blackauroranook.com\/wp-content\/uploads\/2023\/03\/IMG_2494-1536x1024.jpg 1536w, https:\/\/blackauroranook.com\/wp-content\/uploads\/2023\/03\/IMG_2494-2048x1366.jpg 2048w\" sizes=\"auto, (max-width: 1024px) 100vw, 1024px\" \/><\/figure>\n\n\n\n<figure class=\"wp-block-image size-large\"><img loading=\"lazy\" decoding=\"async\" width=\"1024\" height=\"683\" src=\"https:\/\/blackauroranook.com\/wp-content\/uploads\/2023\/03\/S8A9833_highres_\u00a9_paul_sebesta-1024x683.jpg\" alt=\"\" class=\"wp-image-159\" srcset=\"https:\/\/blackauroranook.com\/wp-content\/uploads\/2023\/03\/S8A9833_highres_\u00a9_paul_sebesta-1024x683.jpg 1024w, https:\/\/blackauroranook.com\/wp-content\/uploads\/2023\/03\/S8A9833_highres_\u00a9_paul_sebesta-300x200.jpg 300w, https:\/\/blackauroranook.com\/wp-content\/uploads\/2023\/03\/S8A9833_highres_\u00a9_paul_sebesta-768x512.jpg 768w, https:\/\/blackauroranook.com\/wp-content\/uploads\/2023\/03\/S8A9833_highres_\u00a9_paul_sebesta-1536x1024.jpg 1536w, https:\/\/blackauroranook.com\/wp-content\/uploads\/2023\/03\/S8A9833_highres_\u00a9_paul_sebesta-2048x1366.jpg 2048w\" sizes=\"auto, (max-width: 1024px) 100vw, 1024px\" \/><\/figure>\n\n\n\n<figure class=\"wp-block-image size-large\"><img loading=\"lazy\" decoding=\"async\" width=\"1024\" height=\"683\" src=\"https:\/\/blackauroranook.com\/wp-content\/uploads\/2023\/02\/868BC34E-0A43-48BB-A215-29460BC9A50C-1024x683.jpeg\" alt=\"\" class=\"wp-image-32\" srcset=\"https:\/\/blackauroranook.com\/wp-content\/uploads\/2023\/02\/868BC34E-0A43-48BB-A215-29460BC9A50C-1024x683.jpeg 1024w, https:\/\/blackauroranook.com\/wp-content\/uploads\/2023\/02\/868BC34E-0A43-48BB-A215-29460BC9A50C-300x200.jpeg 300w, https:\/\/blackauroranook.com\/wp-content\/uploads\/2023\/02\/868BC34E-0A43-48BB-A215-29460BC9A50C-768x512.jpeg 768w, https:\/\/blackauroranook.com\/wp-content\/uploads\/2023\/02\/868BC34E-0A43-48BB-A215-29460BC9A50C-1536x1024.jpeg 1536w, https:\/\/blackauroranook.com\/wp-content\/uploads\/2023\/02\/868BC34E-0A43-48BB-A215-29460BC9A50C-2048x1365.jpeg 2048w\" sizes=\"auto, (max-width: 1024px) 100vw, 1024px\" \/><\/figure>\n\n\n\n<figure class=\"wp-block-image size-large\"><img loading=\"lazy\" decoding=\"async\" width=\"1024\" height=\"682\" src=\"https:\/\/blackauroranook.com\/wp-content\/uploads\/2023\/03\/IMG_2593-1024x682.jpg\" alt=\"\" class=\"wp-image-179\" srcset=\"https:\/\/blackauroranook.com\/wp-content\/uploads\/2023\/03\/IMG_2593-1024x682.jpg 1024w, https:\/\/blackauroranook.com\/wp-content\/uploads\/2023\/03\/IMG_2593-300x200.jpg 300w, https:\/\/blackauroranook.com\/wp-content\/uploads\/2023\/03\/IMG_2593-768x512.jpg 768w, https:\/\/blackauroranook.com\/wp-content\/uploads\/2023\/03\/IMG_2593-1536x1024.jpg 1536w, https:\/\/blackauroranook.com\/wp-content\/uploads\/2023\/03\/IMG_2593.jpg 1772w\" sizes=\"auto, (max-width: 1024px) 100vw, 1024px\" \/><\/figure>\n<\/div>\n\n\n\n<figure class=\"wp-block-image size-large\"><img loading=\"lazy\" decoding=\"async\" width=\"1024\" height=\"680\" src=\"https:\/\/blackauroranook.com\/wp-content\/uploads\/2023\/10\/S8A3164_web_\u00a9_paul_sebesta-scaled-e1696702950122-1024x680.jpg\" alt=\"\" class=\"wp-image-258\" srcset=\"https:\/\/blackauroranook.com\/wp-content\/uploads\/2023\/10\/S8A3164_web_\u00a9_paul_sebesta-scaled-e1696702950122-1024x680.jpg 1024w, https:\/\/blackauroranook.com\/wp-content\/uploads\/2023\/10\/S8A3164_web_\u00a9_paul_sebesta-scaled-e1696702950122-300x199.jpg 300w, https:\/\/blackauroranook.com\/wp-content\/uploads\/2023\/10\/S8A3164_web_\u00a9_paul_sebesta-scaled-e1696702950122-768x510.jpg 768w, https:\/\/blackauroranook.com\/wp-content\/uploads\/2023\/10\/S8A3164_web_\u00a9_paul_sebesta-scaled-e1696702950122-1536x1020.jpg 1536w, https:\/\/blackauroranook.com\/wp-content\/uploads\/2023\/10\/S8A3164_web_\u00a9_paul_sebesta-scaled-e1696702950122-2048x1360.jpg 2048w\" sizes=\"auto, (max-width: 1024px) 100vw, 1024px\" \/><\/figure>\n\n\n\n<figure class=\"wp-block-image size-large\"><img loading=\"lazy\" decoding=\"async\" width=\"1024\" height=\"682\" src=\"https:\/\/blackauroranook.com\/wp-content\/uploads\/2023\/10\/S8A3170_web_\u00a9_paul_sebesta-scaled-e1696703454844-1024x682.jpg\" alt=\"\" class=\"wp-image-259\" srcset=\"https:\/\/blackauroranook.com\/wp-content\/uploads\/2023\/10\/S8A3170_web_\u00a9_paul_sebesta-scaled-e1696703454844-1024x682.jpg 1024w, https:\/\/blackauroranook.com\/wp-content\/uploads\/2023\/10\/S8A3170_web_\u00a9_paul_sebesta-scaled-e1696703454844-300x200.jpg 300w, https:\/\/blackauroranook.com\/wp-content\/uploads\/2023\/10\/S8A3170_web_\u00a9_paul_sebesta-scaled-e1696703454844-768x511.jpg 768w, https:\/\/blackauroranook.com\/wp-content\/uploads\/2023\/10\/S8A3170_web_\u00a9_paul_sebesta-scaled-e1696703454844-1536x1023.jpg 1536w, https:\/\/blackauroranook.com\/wp-content\/uploads\/2023\/10\/S8A3170_web_\u00a9_paul_sebesta-scaled-e1696703454844-2048x1364.jpg 2048w\" sizes=\"auto, (max-width: 1024px) 100vw, 1024px\" \/><\/figure>\n\n\n\n<figure class=\"wp-block-image size-large\"><img loading=\"lazy\" decoding=\"async\" width=\"1024\" height=\"695\" src=\"https:\/\/blackauroranook.com\/wp-content\/uploads\/2023\/10\/S8A3128_web_\u00a9_paul_sebesta-scaled-e1696702917183-1024x695.jpg\" alt=\"\" class=\"wp-image-257\" srcset=\"https:\/\/blackauroranook.com\/wp-content\/uploads\/2023\/10\/S8A3128_web_\u00a9_paul_sebesta-scaled-e1696702917183-1024x695.jpg 1024w, https:\/\/blackauroranook.com\/wp-content\/uploads\/2023\/10\/S8A3128_web_\u00a9_paul_sebesta-scaled-e1696702917183-300x204.jpg 300w, https:\/\/blackauroranook.com\/wp-content\/uploads\/2023\/10\/S8A3128_web_\u00a9_paul_sebesta-scaled-e1696702917183-768x521.jpg 768w, https:\/\/blackauroranook.com\/wp-content\/uploads\/2023\/10\/S8A3128_web_\u00a9_paul_sebesta-scaled-e1696702917183-1536x1043.jpg 1536w, https:\/\/blackauroranook.com\/wp-content\/uploads\/2023\/10\/S8A3128_web_\u00a9_paul_sebesta-scaled-e1696702917183-2048x1391.jpg 2048w\" sizes=\"auto, (max-width: 1024px) 100vw, 1024px\" \/><\/figure>\n","protected":false},"excerpt":{"rendered":"<p>Black Aurora Nook offre un espace pour se d\u00e9tendre et se sentir chez soi au c\u0153ur du cadre naturel des \u00eeles Lofoten. Sur 65 m\u00b2, vous trouverez un salon ouvert avec cuisine et table \u00e0 manger donnant sur le fjord Austnes, ainsi que deux chambres avec salle de bain luxueuse offrant vue sur la plus [&hellip;]<\/p>\n","protected":false},"author":1,"featured_media":0,"parent":0,"menu_order":0,"comment_status":"closed","ping_status":"closed","template":"","meta":{"footnotes":""},"class_list":["post-88","page","type-page","status-publish","hentry"],"yoast_head":"<!-- This site is optimized with the Yoast SEO plugin v27.5 - https:\/\/yoast.com\/product\/yoast-seo-wordpress\/ -->\n<title>Int\u00e9rieur<\/title>\n<meta name=\"description\" content=\"\" \/>\n<meta name=\"robots\" content=\"index, follow, max-snippet:-1, max-image-preview:large, max-video-preview:-1\" \/>\n<link rel=\"canonical\" href=\"https:\/\/blackauroranook.com\/fr\/indoor\/\" \/>\n<meta property=\"og:locale\" content=\"fr_FR\" \/>\n<meta property=\"og:locale:alternate\" content=\"en_GB\" \/>\n<meta property=\"og:locale:alternate\" content=\"de_DE\" \/>\n<meta property=\"og:type\" content=\"article\" \/>\n<meta property=\"og:title\" content=\"Int\u00e9rieur\" \/>\n<meta property=\"og:description\" content=\"\" \/>\n<meta property=\"og:url\" content=\"https:\/\/blackauroranook.com\/fr\/indoor\/\" \/>\n<meta property=\"og:site_name\" content=\"Black Aurora Nook\" \/>\n<meta property=\"article:modified_time\" content=\"2026-03-16T12:23:28+00:00\" \/>\n<meta property=\"og:image\" content=\"https:\/\/blackauroranook.com\/wp-content\/uploads\/2023\/03\/IMG_2488.jpg\" \/>\n\t<meta property=\"og:image:width\" content=\"2362\" \/>\n\t<meta property=\"og:image:height\" content=\"1575\" \/>\n\t<meta property=\"og:image:type\" content=\"image\/jpeg\" \/>\n<meta name=\"twitter:card\" content=\"summary_large_image\" \/>\n<meta name=\"twitter:label1\" content=\"Dur\u00e9e de lecture estim\u00e9e\" \/>\n\t<meta name=\"twitter:data1\" content=\"4 minutes\" \/>\n<script type=\"application\/ld+json\" class=\"yoast-schema-graph\">{\"@context\":\"https:\\\/\\\/schema.org\",\"@graph\":[{\"@type\":\"WebPage\",\"@id\":\"https:\\\/\\\/blackauroranook.com\\\/fr\\\/indoor\\\/\",\"url\":\"https:\\\/\\\/blackauroranook.com\\\/fr\\\/indoor\\\/\",\"name\":\"Int\u00e9rieur\",\"isPartOf\":{\"@id\":\"https:\\\/\\\/blackauroranook.com\\\/#website\"},\"primaryImageOfPage\":{\"@id\":\"https:\\\/\\\/blackauroranook.com\\\/fr\\\/indoor\\\/#primaryimage\"},\"image\":{\"@id\":\"https:\\\/\\\/blackauroranook.com\\\/fr\\\/indoor\\\/#primaryimage\"},\"thumbnailUrl\":\"https:\\\/\\\/blackauroranook.com\\\/wp-content\\\/uploads\\\/2023\\\/03\\\/IMG_2488-1024x683.jpg\",\"datePublished\":\"2023-03-08T10:53:08+00:00\",\"dateModified\":\"2026-03-16T12:23:28+00:00\",\"description\":\"\",\"breadcrumb\":{\"@id\":\"https:\\\/\\\/blackauroranook.com\\\/fr\\\/indoor\\\/#breadcrumb\"},\"inLanguage\":\"fr\",\"potentialAction\":[{\"@type\":\"ReadAction\",\"target\":[\"https:\\\/\\\/blackauroranook.com\\\/fr\\\/indoor\\\/\"]}]},{\"@type\":\"ImageObject\",\"inLanguage\":\"fr\",\"@id\":\"https:\\\/\\\/blackauroranook.com\\\/fr\\\/indoor\\\/#primaryimage\",\"url\":\"https:\\\/\\\/blackauroranook.com\\\/wp-content\\\/uploads\\\/2023\\\/03\\\/IMG_2488-1024x683.jpg\",\"contentUrl\":\"https:\\\/\\\/blackauroranook.com\\\/wp-content\\\/uploads\\\/2023\\\/03\\\/IMG_2488-1024x683.jpg\"},{\"@type\":\"BreadcrumbList\",\"@id\":\"https:\\\/\\\/blackauroranook.com\\\/fr\\\/indoor\\\/#breadcrumb\",\"itemListElement\":[{\"@type\":\"ListItem\",\"position\":1,\"name\":\"Home\",\"item\":\"https:\\\/\\\/blackauroranook.com\\\/fr\\\/\"},{\"@type\":\"ListItem\",\"position\":2,\"name\":\"Int\u00e9rieur\"}]},{\"@type\":\"WebSite\",\"@id\":\"https:\\\/\\\/blackauroranook.com\\\/#website\",\"url\":\"https:\\\/\\\/blackauroranook.com\\\/\",\"name\":\"Black Aurora Nook\",\"description\":\"Black Aurora Nook est un cottage de vacances architectural, unique et chaleureux, id\u00e9al pour les familles, les couples et les amoureux de la nature\",\"publisher\":{\"@id\":\"https:\\\/\\\/blackauroranook.com\\\/#organization\"},\"potentialAction\":[{\"@type\":\"SearchAction\",\"target\":{\"@type\":\"EntryPoint\",\"urlTemplate\":\"https:\\\/\\\/blackauroranook.com\\\/?s={search_term_string}\"},\"query-input\":{\"@type\":\"PropertyValueSpecification\",\"valueRequired\":true,\"valueName\":\"search_term_string\"}}],\"inLanguage\":\"fr\"},{\"@type\":\"Organization\",\"@id\":\"https:\\\/\\\/blackauroranook.com\\\/#organization\",\"name\":\"Black Aurora Nook\",\"url\":\"https:\\\/\\\/blackauroranook.com\\\/\",\"logo\":{\"@type\":\"ImageObject\",\"inLanguage\":\"fr\",\"@id\":\"https:\\\/\\\/blackauroranook.com\\\/#\\\/schema\\\/logo\\\/image\\\/\",\"url\":\"https:\\\/\\\/blackauroranook.com\\\/wp-content\\\/uploads\\\/2026\\\/03\\\/photo_2025-08-21-11.25.04.jpeg\",\"contentUrl\":\"https:\\\/\\\/blackauroranook.com\\\/wp-content\\\/uploads\\\/2026\\\/03\\\/photo_2025-08-21-11.25.04.jpeg\",\"width\":1024,\"height\":1024,\"caption\":\"Black Aurora Nook\"},\"image\":{\"@id\":\"https:\\\/\\\/blackauroranook.com\\\/#\\\/schema\\\/logo\\\/image\\\/\"},\"sameAs\":[\"https:\\\/\\\/instagram.com\\\/black_aurora_lofoten_islands?igshid=YmMyMTA2M2Y\"]}]}<\/script>\n<!-- \/ Yoast SEO plugin. -->","yoast_head_json":{"title":"Int\u00e9rieur","description":"[:de]Alle M\u00f6bel sind von einem lokalen Schreiner aus unbehandeltem Holz handgefertigt. Ein besonderes Highlight ist die 3 Meter hohe, handgefertigte Holzschiebet\u00fcr, zwischen Esszimmer und Elternschlafzimmer.[:]","robots":{"index":"index","follow":"follow","max-snippet":"max-snippet:-1","max-image-preview":"max-image-preview:large","max-video-preview":"max-video-preview:-1"},"canonical":"https:\/\/blackauroranook.com\/fr\/indoor\/","og_locale":"fr_FR","og_type":"article","og_title":"[:en]Indoor[:de]Innenbereich[:fr]Int\u00e9rieur[:] - Black Aurora Nook","og_description":"[:de]Alle M\u00f6bel sind von einem lokalen Schreiner aus unbehandeltem Holz handgefertigt. Ein besonderes Highlight ist die 3 Meter hohe, handgefertigte Holzschiebet\u00fcr, zwischen Esszimmer und Elternschlafzimmer.[:]","og_url":"https:\/\/blackauroranook.com\/fr\/indoor\/","og_site_name":"Black Aurora Nook","article_modified_time":"2026-03-16T12:23:28+00:00","og_image":[{"width":2362,"height":1575,"url":"https:\/\/blackauroranook.com\/wp-content\/uploads\/2023\/03\/IMG_2488.jpg","type":"image\/jpeg"}],"twitter_card":"summary_large_image","twitter_misc":{"Dur\u00e9e de lecture estim\u00e9e":"4 minutes"},"schema":{"@context":"https:\/\/schema.org","@graph":[{"@type":"WebPage","@id":"https:\/\/blackauroranook.com\/fr\/indoor\/","url":"https:\/\/blackauroranook.com\/fr\/indoor\/","name":"Int\u00e9rieur","isPartOf":{"@id":"https:\/\/blackauroranook.com\/#website"},"primaryImageOfPage":{"@id":"https:\/\/blackauroranook.com\/fr\/indoor\/#primaryimage"},"image":{"@id":"https:\/\/blackauroranook.com\/fr\/indoor\/#primaryimage"},"thumbnailUrl":"https:\/\/blackauroranook.com\/wp-content\/uploads\/2023\/03\/IMG_2488-1024x683.jpg","datePublished":"2023-03-08T10:53:08+00:00","dateModified":"2026-03-16T12:23:28+00:00","description":"","breadcrumb":{"@id":"https:\/\/blackauroranook.com\/fr\/indoor\/#breadcrumb"},"inLanguage":"fr","potentialAction":[{"@type":"ReadAction","target":["https:\/\/blackauroranook.com\/fr\/indoor\/"]}]},{"@type":"ImageObject","inLanguage":"fr","@id":"https:\/\/blackauroranook.com\/fr\/indoor\/#primaryimage","url":"https:\/\/blackauroranook.com\/wp-content\/uploads\/2023\/03\/IMG_2488-1024x683.jpg","contentUrl":"https:\/\/blackauroranook.com\/wp-content\/uploads\/2023\/03\/IMG_2488-1024x683.jpg"},{"@type":"BreadcrumbList","@id":"https:\/\/blackauroranook.com\/fr\/indoor\/#breadcrumb","itemListElement":[{"@type":"ListItem","position":1,"name":"Home","item":"https:\/\/blackauroranook.com\/fr\/"},{"@type":"ListItem","position":2,"name":"Int\u00e9rieur"}]},{"@type":"WebSite","@id":"https:\/\/blackauroranook.com\/#website","url":"https:\/\/blackauroranook.com\/","name":"Black Aurora Nook","description":"Black Aurora Nook est un cottage de vacances architectural, unique et chaleureux, id\u00e9al pour les familles, les couples et les amoureux de la nature","publisher":{"@id":"https:\/\/blackauroranook.com\/#organization"},"potentialAction":[{"@type":"SearchAction","target":{"@type":"EntryPoint","urlTemplate":"https:\/\/blackauroranook.com\/?s={search_term_string}"},"query-input":{"@type":"PropertyValueSpecification","valueRequired":true,"valueName":"search_term_string"}}],"inLanguage":"fr"},{"@type":"Organization","@id":"https:\/\/blackauroranook.com\/#organization","name":"Black Aurora Nook","url":"https:\/\/blackauroranook.com\/","logo":{"@type":"ImageObject","inLanguage":"fr","@id":"https:\/\/blackauroranook.com\/#\/schema\/logo\/image\/","url":"https:\/\/blackauroranook.com\/wp-content\/uploads\/2026\/03\/photo_2025-08-21-11.25.04.jpeg","contentUrl":"https:\/\/blackauroranook.com\/wp-content\/uploads\/2026\/03\/photo_2025-08-21-11.25.04.jpeg","width":1024,"height":1024,"caption":"Black Aurora Nook"},"image":{"@id":"https:\/\/blackauroranook.com\/#\/schema\/logo\/image\/"},"sameAs":["https:\/\/instagram.com\/black_aurora_lofoten_islands?igshid=YmMyMTA2M2Y"]}]}},"_links":{"self":[{"href":"https:\/\/blackauroranook.com\/fr\/wp-json\/wp\/v2\/pages\/88","targetHints":{"allow":["GET"]}}],"collection":[{"href":"https:\/\/blackauroranook.com\/fr\/wp-json\/wp\/v2\/pages"}],"about":[{"href":"https:\/\/blackauroranook.com\/fr\/wp-json\/wp\/v2\/types\/page"}],"author":[{"embeddable":true,"href":"https:\/\/blackauroranook.com\/fr\/wp-json\/wp\/v2\/users\/1"}],"replies":[{"embeddable":true,"href":"https:\/\/blackauroranook.com\/fr\/wp-json\/wp\/v2\/comments?post=88"}],"version-history":[{"count":18,"href":"https:\/\/blackauroranook.com\/fr\/wp-json\/wp\/v2\/pages\/88\/revisions"}],"predecessor-version":[{"id":589,"href":"https:\/\/blackauroranook.com\/fr\/wp-json\/wp\/v2\/pages\/88\/revisions\/589"}],"wp:attachment":[{"href":"https:\/\/blackauroranook.com\/fr\/wp-json\/wp\/v2\/media?parent=88"}],"curies":[{"name":"wp","href":"https:\/\/api.w.org\/{rel}","templated":true}]}}