{"id":90,"date":"2023-03-08T10:57:24","date_gmt":"2023-03-08T10:57:24","guid":{"rendered":"https:\/\/blackauroranook.com\/?page_id=90"},"modified":"2026-03-16T12:28:55","modified_gmt":"2026-03-16T12:28:55","slug":"info","status":"publish","type":"page","link":"https:\/\/blackauroranook.com\/fr\/info\/","title":{"rendered":"Info"},"content":{"rendered":"\n<p><strong>La maison peut accueillir jusqu\u2019\u00e0 6 personnes, mais elle est plus confortable pour 4. Des portes coulissantes en bois s\u00e9parent les pi\u00e8ces dans le plan ouvert, ce qui rend la maison id\u00e9ale pour des personnes qui se connaissent bien. Les chiens sont les bienvenus sur demande, pour 50 \u20ac\/s\u00e9jour.<\/strong><\/p>\n\n\n\n<p><strong>1 chambre principale avec lit 180&#215;200 cm<\/strong><br><strong>1 chambre avec lit 160&#215;200 cm<\/strong><br><strong>1 lit \u00e0 l\u2019\u00e9tage avec matelas 140&#215;200 cm sous le toit en pente<\/strong><br><strong>Literie et serviettes de luxe<\/strong><br><strong>1 salle de bain avec douche \u00e0 l\u2019italienne<\/strong><br><strong>Chauffage au sol dans les chambres et la salle de bain<\/strong><br><strong>Machine \u00e0 laver<\/strong><br><strong>Chiens bienvenus<\/strong><br><strong>Enceinte Marshall<\/strong><br><strong>Chaise b\u00e9b\u00e9 et lit b\u00e9b\u00e9<\/strong><br><strong>Grande terrasse ext\u00e9rieure<\/strong><br><strong>Parking pour 1 voiture<\/strong><\/p>\n\n\n\n<p class=\"has-ti-accent-color has-text-color has-large-font-size\">Tarif<\/p>\n\n\n\n<p class=\"has-ti-accent-color has-text-color\"><\/p>\n\n\n\n<ul class=\"wp-block-list\">\n<li>360 \u20ac par nuit<\/li>\n\n\n\n<li>S\u00e9jour minimum : 4 nuits ou sur demande<\/li>\n\n\n\n<li>Frais de nettoyage final<\/li>\n<\/ul>\n\n\n\n<p><\/p>\n\n\n\n<p>*Les jours marqu\u00e9s en vert sont encore disponibles<\/p>\n\n\n\n<div class=\"wp-block-buttons is-content-justification-center is-layout-flex wp-container-core-buttons-is-layout-a89b3969 wp-block-buttons-is-layout-flex\">\n<div class=\"wp-block-button\"><a class=\"wp-block-button__link wp-element-button\" href=\"\/buchungsanfrage\">Demande de r\u00e9servation<\/a><\/div>\n<\/div>\n\n\n\n<script src=\"https:\/\/urlaubsarchitektur.biz\/assets\/js\/property-widget-multi.js?propertyIds=9c35802de6cd4e98925ba3237064bf9a&#038;numberOfMonths=1&#038;monthDisplay=&#038;color_partlyBooked=transparent&#038;color_fullyBooked=442424&#038;color_available=71d54d&#038;color_empty=transparent&#038;locale=en\"><\/script>\n\n\n\n<p><\/p>\n","protected":false},"excerpt":{"rendered":"<p>La maison peut accueillir jusqu\u2019\u00e0 6 personnes, mais elle est plus confortable pour 4. Des portes coulissantes en bois s\u00e9parent les pi\u00e8ces dans le plan ouvert, ce qui rend la maison id\u00e9ale pour des personnes qui se connaissent bien. Les chiens sont les bienvenus sur demande, pour 50 \u20ac\/s\u00e9jour. 1 chambre principale avec lit 180&#215;200 [&hellip;]<\/p>\n","protected":false},"author":1,"featured_media":0,"parent":0,"menu_order":0,"comment_status":"closed","ping_status":"closed","template":"","meta":{"footnotes":""},"class_list":["post-90","page","type-page","status-publish","hentry"],"yoast_head":"<!-- This site is optimized with the Yoast SEO plugin v27.5 - https:\/\/yoast.com\/product\/yoast-seo-wordpress\/ -->\n<title>Info<\/title>\n<meta name=\"description\" content=\"The house accomodates up to 6 persons, but is comfortable for 4 persons. Wooden sliding doors separate rooms within the open floor plan, so the house suits people who know each other well. Dogs are welcome upon request for \u20ac 50\/stay.\" \/>\n<meta name=\"robots\" content=\"index, follow, max-snippet:-1, max-image-preview:large, max-video-preview:-1\" \/>\n<link rel=\"canonical\" href=\"https:\/\/blackauroranook.com\/fr\/info\/\" \/>\n<meta property=\"og:locale\" content=\"fr_FR\" \/>\n<meta property=\"og:locale:alternate\" content=\"en_GB\" \/>\n<meta property=\"og:locale:alternate\" content=\"de_DE\" \/>\n<meta property=\"og:type\" content=\"article\" \/>\n<meta property=\"og:title\" content=\"Info\" \/>\n<meta property=\"og:description\" content=\"The house accomodates up to 6 persons, but is comfortable for 4 persons. Wooden sliding doors separate rooms within the open floor plan, so the house suits people who know each other well. Dogs are welcome upon request for \u20ac 50\/stay.\" \/>\n<meta property=\"og:url\" content=\"https:\/\/blackauroranook.com\/fr\/info\/\" \/>\n<meta property=\"og:site_name\" content=\"Black Aurora Nook\" \/>\n<meta property=\"article:modified_time\" content=\"2026-03-16T12:28:55+00:00\" \/>\n<meta name=\"twitter:card\" content=\"summary_large_image\" \/>\n<meta name=\"twitter:label1\" content=\"Dur\u00e9e de lecture estim\u00e9e\" \/>\n\t<meta name=\"twitter:data1\" content=\"1 minute\" \/>\n<script type=\"application\/ld+json\" class=\"yoast-schema-graph\">{\"@context\":\"https:\\\/\\\/schema.org\",\"@graph\":[{\"@type\":\"WebPage\",\"@id\":\"https:\\\/\\\/blackauroranook.com\\\/fr\\\/info\\\/\",\"url\":\"https:\\\/\\\/blackauroranook.com\\\/fr\\\/info\\\/\",\"name\":\"Info\",\"isPartOf\":{\"@id\":\"https:\\\/\\\/blackauroranook.com\\\/#website\"},\"datePublished\":\"2023-03-08T10:57:24+00:00\",\"dateModified\":\"2026-03-16T12:28:55+00:00\",\"description\":\"The house accomodates up to 6 persons, but is comfortable for 4 persons. Wooden sliding doors separate rooms within the open floor plan, so the house suits people who know each other well. Dogs are welcome upon request for \u20ac 50\\\/stay.\",\"breadcrumb\":{\"@id\":\"https:\\\/\\\/blackauroranook.com\\\/fr\\\/info\\\/#breadcrumb\"},\"inLanguage\":\"fr\",\"potentialAction\":[{\"@type\":\"ReadAction\",\"target\":[\"https:\\\/\\\/blackauroranook.com\\\/fr\\\/info\\\/\"]}]},{\"@type\":\"BreadcrumbList\",\"@id\":\"https:\\\/\\\/blackauroranook.com\\\/fr\\\/info\\\/#breadcrumb\",\"itemListElement\":[{\"@type\":\"ListItem\",\"position\":1,\"name\":\"Home\",\"item\":\"https:\\\/\\\/blackauroranook.com\\\/fr\\\/\"},{\"@type\":\"ListItem\",\"position\":2,\"name\":\"Info\"}]},{\"@type\":\"WebSite\",\"@id\":\"https:\\\/\\\/blackauroranook.com\\\/#website\",\"url\":\"https:\\\/\\\/blackauroranook.com\\\/\",\"name\":\"Black Aurora Nook\",\"description\":\"Black Aurora Nook est un cottage de vacances architectural, unique et chaleureux, id\u00e9al pour les familles, les couples et les amoureux de la nature\",\"publisher\":{\"@id\":\"https:\\\/\\\/blackauroranook.com\\\/#organization\"},\"potentialAction\":[{\"@type\":\"SearchAction\",\"target\":{\"@type\":\"EntryPoint\",\"urlTemplate\":\"https:\\\/\\\/blackauroranook.com\\\/?s={search_term_string}\"},\"query-input\":{\"@type\":\"PropertyValueSpecification\",\"valueRequired\":true,\"valueName\":\"search_term_string\"}}],\"inLanguage\":\"fr\"},{\"@type\":\"Organization\",\"@id\":\"https:\\\/\\\/blackauroranook.com\\\/#organization\",\"name\":\"Black Aurora Nook\",\"url\":\"https:\\\/\\\/blackauroranook.com\\\/\",\"logo\":{\"@type\":\"ImageObject\",\"inLanguage\":\"fr\",\"@id\":\"https:\\\/\\\/blackauroranook.com\\\/#\\\/schema\\\/logo\\\/image\\\/\",\"url\":\"https:\\\/\\\/blackauroranook.com\\\/wp-content\\\/uploads\\\/2026\\\/03\\\/photo_2025-08-21-11.25.04.jpeg\",\"contentUrl\":\"https:\\\/\\\/blackauroranook.com\\\/wp-content\\\/uploads\\\/2026\\\/03\\\/photo_2025-08-21-11.25.04.jpeg\",\"width\":1024,\"height\":1024,\"caption\":\"Black Aurora Nook\"},\"image\":{\"@id\":\"https:\\\/\\\/blackauroranook.com\\\/#\\\/schema\\\/logo\\\/image\\\/\"},\"sameAs\":[\"https:\\\/\\\/instagram.com\\\/black_aurora_lofoten_islands?igshid=YmMyMTA2M2Y\"]}]}<\/script>\n<!-- \/ Yoast SEO plugin. -->","yoast_head_json":{"title":"Info","description":"The house accomodates up to 6 persons, but is comfortable for 4 persons. Wooden sliding doors separate rooms within the open floor plan, so the house suits people who know each other well. Dogs are welcome upon request for \u20ac 50\/stay.","robots":{"index":"index","follow":"follow","max-snippet":"max-snippet:-1","max-image-preview":"max-image-preview:large","max-video-preview":"max-video-preview:-1"},"canonical":"https:\/\/blackauroranook.com\/fr\/info\/","og_locale":"fr_FR","og_type":"article","og_title":"[:en]Info[:de]Info[:] - Black Aurora Nook","og_description":"[:en]The house accomodates up to 6 persons, but is comfortable for 4 persons. Wooden sliding doors separate rooms within the open floor plan, so the house suits people who know each other well. Dogs are welcome upon request for \u20ac 50\/stay.[:de]Das Haus bietet Platz f\u00fcr bis zu 6 Personen, ist f\u00fcr 4 Personen besonders bequem. Holzschiebet\u00fcren trennen die R\u00e4ume innerhalb des offenen Grundrisses, so dass das Haus f\u00fcr Menschen geeignet ist, die sich gut kennen. Hunde sind auf Anfrage f\u00fcr \u20ac 50\/Aufenthalt willkommen.[:]","og_url":"https:\/\/blackauroranook.com\/fr\/info\/","og_site_name":"Black Aurora Nook","article_modified_time":"2026-03-16T12:28:55+00:00","twitter_card":"summary_large_image","twitter_misc":{"Dur\u00e9e de lecture estim\u00e9e":"1 minute"},"schema":{"@context":"https:\/\/schema.org","@graph":[{"@type":"WebPage","@id":"https:\/\/blackauroranook.com\/fr\/info\/","url":"https:\/\/blackauroranook.com\/fr\/info\/","name":"Info","isPartOf":{"@id":"https:\/\/blackauroranook.com\/#website"},"datePublished":"2023-03-08T10:57:24+00:00","dateModified":"2026-03-16T12:28:55+00:00","description":"The house accomodates up to 6 persons, but is comfortable for 4 persons. Wooden sliding doors separate rooms within the open floor plan, so the house suits people who know each other well. Dogs are welcome upon request for \u20ac 50\/stay.","breadcrumb":{"@id":"https:\/\/blackauroranook.com\/fr\/info\/#breadcrumb"},"inLanguage":"fr","potentialAction":[{"@type":"ReadAction","target":["https:\/\/blackauroranook.com\/fr\/info\/"]}]},{"@type":"BreadcrumbList","@id":"https:\/\/blackauroranook.com\/fr\/info\/#breadcrumb","itemListElement":[{"@type":"ListItem","position":1,"name":"Home","item":"https:\/\/blackauroranook.com\/fr\/"},{"@type":"ListItem","position":2,"name":"Info"}]},{"@type":"WebSite","@id":"https:\/\/blackauroranook.com\/#website","url":"https:\/\/blackauroranook.com\/","name":"Black Aurora Nook","description":"Black Aurora Nook est un cottage de vacances architectural, unique et chaleureux, id\u00e9al pour les familles, les couples et les amoureux de la nature","publisher":{"@id":"https:\/\/blackauroranook.com\/#organization"},"potentialAction":[{"@type":"SearchAction","target":{"@type":"EntryPoint","urlTemplate":"https:\/\/blackauroranook.com\/?s={search_term_string}"},"query-input":{"@type":"PropertyValueSpecification","valueRequired":true,"valueName":"search_term_string"}}],"inLanguage":"fr"},{"@type":"Organization","@id":"https:\/\/blackauroranook.com\/#organization","name":"Black Aurora Nook","url":"https:\/\/blackauroranook.com\/","logo":{"@type":"ImageObject","inLanguage":"fr","@id":"https:\/\/blackauroranook.com\/#\/schema\/logo\/image\/","url":"https:\/\/blackauroranook.com\/wp-content\/uploads\/2026\/03\/photo_2025-08-21-11.25.04.jpeg","contentUrl":"https:\/\/blackauroranook.com\/wp-content\/uploads\/2026\/03\/photo_2025-08-21-11.25.04.jpeg","width":1024,"height":1024,"caption":"Black Aurora Nook"},"image":{"@id":"https:\/\/blackauroranook.com\/#\/schema\/logo\/image\/"},"sameAs":["https:\/\/instagram.com\/black_aurora_lofoten_islands?igshid=YmMyMTA2M2Y"]}]}},"_links":{"self":[{"href":"https:\/\/blackauroranook.com\/fr\/wp-json\/wp\/v2\/pages\/90","targetHints":{"allow":["GET"]}}],"collection":[{"href":"https:\/\/blackauroranook.com\/fr\/wp-json\/wp\/v2\/pages"}],"about":[{"href":"https:\/\/blackauroranook.com\/fr\/wp-json\/wp\/v2\/types\/page"}],"author":[{"embeddable":true,"href":"https:\/\/blackauroranook.com\/fr\/wp-json\/wp\/v2\/users\/1"}],"replies":[{"embeddable":true,"href":"https:\/\/blackauroranook.com\/fr\/wp-json\/wp\/v2\/comments?post=90"}],"version-history":[{"count":45,"href":"https:\/\/blackauroranook.com\/fr\/wp-json\/wp\/v2\/pages\/90\/revisions"}],"predecessor-version":[{"id":591,"href":"https:\/\/blackauroranook.com\/fr\/wp-json\/wp\/v2\/pages\/90\/revisions\/591"}],"wp:attachment":[{"href":"https:\/\/blackauroranook.com\/fr\/wp-json\/wp\/v2\/media?parent=90"}],"curies":[{"name":"wp","href":"https:\/\/api.w.org\/{rel}","templated":true}]}}